{"id":283,"date":"2015-01-27T14:49:03","date_gmt":"2015-01-27T13:49:03","guid":{"rendered":"http:\/\/eileen-eu.org\/?page_id=283"},"modified":"2015-01-27T14:49:03","modified_gmt":"2015-01-27T13:49:03","slug":"ueber-eileen","status":"publish","type":"page","link":"https:\/\/eileen-eu.org\/de\/ueber-eileen\/","title":{"rendered":"\u00dcber EILEEN"},"content":{"rendered":"<p>EILEEN auf einen Blick &#8230;<\/p>\n<p>EILEEN ist ein Akronym und steht im Englischen f\u00fcr Enhancing Intercultural Learning in European Enterprises. Auf Deutsch hei\u00dft das so viel wie: F\u00f6rderung des Interkulturellen Lernens in europ\u00e4ischen Unternehmen.<\/p>\n<p>Das Projekt hat zum Ziel, einen umfassenden Ansatz zu entwickeln, der sowohl Besch\u00e4ftigte in Unternehmen als auch junge Arbeitslose f\u00fcr den Umgang mit anderen Kulturen schult und sie unterst\u00fctzt, kulturelle Vielfalt am Arbeitsplatz wertzusch\u00e4tzen.<\/p>\n<p>Dadurch m\u00f6chte EILEEN einen Beitrag leisten zur:<\/p>\n<ul>\n<li>F\u00f6rderung der interkulturellen Kompetenzen;<\/li>\n<li>F\u00f6rderung einer Willkommenskultur in europ\u00e4ischen Unternehmen;<\/li>\n<li>F\u00f6rderung der Mobilit\u00e4t in Europa.<\/li>\n<\/ul>\n<div class=\"twoclick_social_bookmarks_post_283 social_share_privacy clearfix 1.6.4 locale-de_DE sprite-en_GB\"><\/div><div class=\"twoclick-js\"><script type=\"text\/javascript\">\/* <![CDATA[ *\/\njQuery(document).ready(function($){if($('.twoclick_social_bookmarks_post_283')){$('.twoclick_social_bookmarks_post_283').socialSharePrivacy({\"services\":{\"facebook\":{\"status\":\"on\",\"txt_info\":\"2 clicks for more privacy: Only after clicking the button it is activated and you can submit your recommendationsto Facebook. Once the button is activated, data is submitted to third parties. See <em>i<\\\/em>.\",\"perma_option\":\"off\",\"action\":\"recommend\",\"language\":\"en_GB\"},\"twitter\":{\"reply_to\":\"\",\"tweet_text\":\"%C3%9Cber%20EILEEN%20%C2%BB%20EILEEN%20Project\",\"status\":\"on\",\"txt_info\":\"2 clicks for more privacy: Only after clicking the button it is activated and you can submit your recommendations to Twitter. Once the button is activated, data is submitted to third parties. See <em>i<\\\/em>.\",\"perma_option\":\"off\",\"language\":\"en\",\"referrer_track\":\"\"},\"gplus\":{\"status\":\"on\",\"txt_info\":\"2 clicks for more privacy: Only after clicking the button it is activated and you can submit your recommendations to Google+. Once the button is activated, data is submitted to third parties. See <em>i<\\\/em>.\",\"perma_option\":\"off\",\"referrer_track\":\"\"}},\"txt_help\":\"When activating these fields by clicking, information is submitted to Facebook, Twitter, LinkedIn, Pinterest or Google possibly into foreign countries and maybe even stored there. Learn more by clicking the <em>i<\\\/em>.\",\"settings_perma\":\"Activate permanently and agree to data-transfer:\",\"info_link\":\"http:\\\/\\\/www.h-online.com\\\/features\\\/Two-clicks-for-more-privacy-1783256.html\",\"uri\":\"https:\\\/\\\/eileen-eu.org\\\/de\\\/ueber-eileen\\\/\",\"post_id\":283,\"post_title_referrer_track\":\"%C3%9Cber+EILEEN\",\"display_infobox\":\"on\"});}});\n\/* ]]> *\/<\/script><\/div>","protected":false},"excerpt":{"rendered":"<p>EILEEN auf einen Blick &#8230; EILEEN ist ein Akronym und steht im Englischen f\u00fcr Enhancing Intercultural Learning in European Enterprises. Auf Deutsch hei\u00dft das so viel wie: F\u00f6rderung des Interkulturellen Lernens in europ\u00e4ischen Unternehmen. Das Projekt hat zum Ziel, einen umfassenden Ansatz zu entwickeln, der sowohl Besch\u00e4ftigte in Unternehmen als auch junge Arbeitslose f\u00fcr den &hellip; <a href=\"https:\/\/eileen-eu.org\/de\/ueber-eileen\/\" class=\"more-link\"><span class=\"screen-reader-text\">\u00dcber EILEEN<\/span> weiterlesen <span class=\"meta-nav\">&rarr;<\/span><\/a><\/p>\n","protected":false},"author":1,"featured_media":0,"parent":0,"menu_order":0,"comment_status":"closed","ping_status":"open","template":"","meta":{"_locale":"de_DE","_original_post":"2","footnotes":""},"class_list":["post-283","page","type-page","status-publish","hentry","de-DE"],"_links":{"self":[{"href":"https:\/\/eileen-eu.org\/wp-json\/wp\/v2\/pages\/283","targetHints":{"allow":["GET"]}}],"collection":[{"href":"https:\/\/eileen-eu.org\/wp-json\/wp\/v2\/pages"}],"about":[{"href":"https:\/\/eileen-eu.org\/wp-json\/wp\/v2\/types\/page"}],"author":[{"embeddable":true,"href":"https:\/\/eileen-eu.org\/wp-json\/wp\/v2\/users\/1"}],"replies":[{"embeddable":true,"href":"https:\/\/eileen-eu.org\/wp-json\/wp\/v2\/comments?post=283"}],"version-history":[{"count":1,"href":"https:\/\/eileen-eu.org\/wp-json\/wp\/v2\/pages\/283\/revisions"}],"predecessor-version":[{"id":285,"href":"https:\/\/eileen-eu.org\/wp-json\/wp\/v2\/pages\/283\/revisions\/285"}],"wp:attachment":[{"href":"https:\/\/eileen-eu.org\/wp-json\/wp\/v2\/media?parent=283"}],"curies":[{"name":"wp","href":"https:\/\/api.w.org\/{rel}","templated":true}]}}