{"id":289,"date":"2015-01-27T14:53:49","date_gmt":"2015-01-27T13:53:49","guid":{"rendered":"http:\/\/eileen-eu.org\/?page_id=289"},"modified":"2018-08-01T10:24:50","modified_gmt":"2018-08-01T09:24:50","slug":"aktivitaeten","status":"publish","type":"page","link":"https:\/\/eileen-eu.org\/de\/aktivitaeten\/","title":{"rendered":"Aktivit\u00e4ten"},"content":{"rendered":"<p>Die Hauptaktivit\u00e4ten des EILEEN Projekts im Zeitraum von September 2014 bis August 2016 sind:<\/p>\n<p><a href=\"https:\/\/eileen-eu.org\/wp-content\/uploads\/2014\/12\/Ausschnitt_IOS.png\"><img loading=\"lazy\" decoding=\"async\" class=\"aligncenter wp-image-33 size-large\" src=\"https:\/\/eileen-eu.org\/wp-content\/uploads\/2014\/12\/Ausschnitt_IOS-1024x544.png\" alt=\"Ausschnitt_IOS\" width=\"474\" height=\"252\" srcset=\"https:\/\/eileen-eu.org\/wp-content\/uploads\/2014\/12\/Ausschnitt_IOS-1024x544.png 1024w, https:\/\/eileen-eu.org\/wp-content\/uploads\/2014\/12\/Ausschnitt_IOS-300x159.png 300w\" sizes=\"auto, (max-width: 474px) 100vw, 474px\" \/><\/a><\/p>\n<ul>\n<li>Untersuchung bestehender Ans\u00e4tze zur F\u00f6rderung und Validierung interkultureller Kompetenzen in europ\u00e4ischen Unternehmen;<\/li>\n<li>Erhebung der spezifischen Lernbedarfe von Unternehmen, die Arbeitskr\u00e4fte aus dem Ausland aufnehmen m\u00f6chten;<\/li>\n<li>Entwicklung des EILEEN Validierungssystems auf der Grundlage des bew\u00e4hrten <a href=\"http:\/\/www.reveal-eu.org\/\">LEVEL5<\/a> Systems f\u00fcr die Bewertung und Validierung der interkulturellen und unternehmerischen Kompetenzen der jungen Arbeitskr\u00e4fte und ihren Gastunternehmern;<\/li>\n<li>Entwicklung von Trainingsmodulen zu interkulturellen Themen f\u00fcr MultiplikatorInnen in europ\u00e4ischen Unternehmen und Erprobung dieser Module mit interessierten europ\u00e4ischen UnternehmerInnen in einem europ\u00e4ischen Lehrgang;<\/li>\n<li>Entwicklung von Trainingsmodulen zu interkulturellen Themen f\u00fcr junge (arbeitsuchende) Menschen mit dem Ziel, sie auf ein Praktikum in einem der beteiligten europ\u00e4ischen Unternehmen vorzubereiten;<\/li>\n<li>Organisation von Praktika als offene Lernprojekte f\u00fcr MultiplikatorInnen und PraktikantInnen in den beteiligten Unternehmen;<\/li>\n<li>Evaluation und Validierung der erworbenen Kompetenzen vom Gastunternehmen und Praktikanten mit Hilfe des bew\u00e4hrten Validierungssystem LEVEL5;<\/li>\n<li>Entwicklung und Verbreitung eines europ\u00e4ischen Labels &#8222;Welcoming European Enterprise&#8220;;<\/li>\n<li>Ausschreibung eines europ\u00e4ischen Wettbewerbs f\u00fcr innovative Initiativen zur F\u00f6rderung des interkulturellen Lernens in europ\u00e4ischen Unternehmen.<\/li>\n<\/ul>\n<div class=\"twoclick_social_bookmarks_post_289 social_share_privacy clearfix 1.6.4 locale-de_DE sprite-en_GB\"><\/div><div class=\"twoclick-js\"><script type=\"text\/javascript\">\/* <![CDATA[ *\/\njQuery(document).ready(function($){if($('.twoclick_social_bookmarks_post_289')){$('.twoclick_social_bookmarks_post_289').socialSharePrivacy({\"services\":{\"facebook\":{\"status\":\"on\",\"txt_info\":\"2 clicks for more privacy: Only after clicking the button it is activated and you can submit your recommendationsto Facebook. Once the button is activated, data is submitted to third parties. See <em>i<\\\/em>.\",\"perma_option\":\"off\",\"action\":\"recommend\",\"language\":\"en_GB\"},\"twitter\":{\"reply_to\":\"\",\"tweet_text\":\"Aktivit%C3%A4ten%20%C2%BB%20EILEEN%20Project\",\"status\":\"on\",\"txt_info\":\"2 clicks for more privacy: Only after clicking the button it is activated and you can submit your recommendations to Twitter. Once the button is activated, data is submitted to third parties. See <em>i<\\\/em>.\",\"perma_option\":\"off\",\"language\":\"en\",\"referrer_track\":\"\"},\"gplus\":{\"status\":\"on\",\"txt_info\":\"2 clicks for more privacy: Only after clicking the button it is activated and you can submit your recommendations to Google+. Once the button is activated, data is submitted to third parties. See <em>i<\\\/em>.\",\"perma_option\":\"off\",\"referrer_track\":\"\"}},\"txt_help\":\"When activating these fields by clicking, information is submitted to Facebook, Twitter, LinkedIn, Pinterest or Google possibly into foreign countries and maybe even stored there. Learn more by clicking the <em>i<\\\/em>.\",\"settings_perma\":\"Activate permanently and agree to data-transfer:\",\"info_link\":\"http:\\\/\\\/www.h-online.com\\\/features\\\/Two-clicks-for-more-privacy-1783256.html\",\"uri\":\"https:\\\/\\\/eileen-eu.org\\\/de\\\/aktivitaeten\\\/\",\"post_id\":289,\"post_title_referrer_track\":\"Aktivit%C3%A4ten\",\"display_infobox\":\"on\"});}});\n\/* ]]> *\/<\/script><\/div>","protected":false},"excerpt":{"rendered":"<p>Die Hauptaktivit\u00e4ten des EILEEN Projekts im Zeitraum von September 2014 bis August 2016 sind: Untersuchung bestehender Ans\u00e4tze zur F\u00f6rderung und Validierung interkultureller Kompetenzen in europ\u00e4ischen Unternehmen; Erhebung der spezifischen Lernbedarfe von Unternehmen, die Arbeitskr\u00e4fte aus dem Ausland aufnehmen m\u00f6chten; Entwicklung des EILEEN Validierungssystems auf der Grundlage des bew\u00e4hrten LEVEL5 Systems f\u00fcr die Bewertung und Validierung &hellip; <a href=\"https:\/\/eileen-eu.org\/de\/aktivitaeten\/\" class=\"more-link\"><span class=\"screen-reader-text\">Aktivit\u00e4ten<\/span> weiterlesen <span class=\"meta-nav\">&rarr;<\/span><\/a><\/p>\n","protected":false},"author":1,"featured_media":0,"parent":0,"menu_order":0,"comment_status":"closed","ping_status":"open","template":"","meta":{"_locale":"de_DE","_original_post":"39","footnotes":""},"class_list":["post-289","page","type-page","status-publish","hentry","de-DE"],"_links":{"self":[{"href":"https:\/\/eileen-eu.org\/wp-json\/wp\/v2\/pages\/289","targetHints":{"allow":["GET"]}}],"collection":[{"href":"https:\/\/eileen-eu.org\/wp-json\/wp\/v2\/pages"}],"about":[{"href":"https:\/\/eileen-eu.org\/wp-json\/wp\/v2\/types\/page"}],"author":[{"embeddable":true,"href":"https:\/\/eileen-eu.org\/wp-json\/wp\/v2\/users\/1"}],"replies":[{"embeddable":true,"href":"https:\/\/eileen-eu.org\/wp-json\/wp\/v2\/comments?post=289"}],"version-history":[{"count":2,"href":"https:\/\/eileen-eu.org\/wp-json\/wp\/v2\/pages\/289\/revisions"}],"predecessor-version":[{"id":933,"href":"https:\/\/eileen-eu.org\/wp-json\/wp\/v2\/pages\/289\/revisions\/933"}],"wp:attachment":[{"href":"https:\/\/eileen-eu.org\/wp-json\/wp\/v2\/media?parent=289"}],"curies":[{"name":"wp","href":"https:\/\/api.w.org\/{rel}","templated":true}]}}