{"id":333,"date":"2015-01-27T15:08:29","date_gmt":"2015-01-27T14:08:29","guid":{"rendered":"http:\/\/eileen-eu.org\/?page_id=333"},"modified":"2018-08-01T10:27:44","modified_gmt":"2018-08-01T09:27:44","slug":"validierung","status":"publish","type":"page","link":"https:\/\/eileen-eu.org\/de\/validierung\/","title":{"rendered":"Validierung"},"content":{"rendered":"<p><a href=\"https:\/\/eileen-eu.org\/wp-content\/uploads\/2015\/01\/4_cubes.jpg\"><img loading=\"lazy\" decoding=\"async\" class=\" size-medium wp-image-139 aligncenter\" src=\"https:\/\/eileen-eu.org\/wp-content\/uploads\/2015\/01\/4_cubes-300x84.jpg\" alt=\"4_cubes\" width=\"300\" height=\"84\" srcset=\"https:\/\/eileen-eu.org\/wp-content\/uploads\/2015\/01\/4_cubes-300x84.jpg 300w, https:\/\/eileen-eu.org\/wp-content\/uploads\/2015\/01\/4_cubes.jpg 896w\" sizes=\"auto, (max-width: 300px) 100vw, 300px\" \/><\/a>EILEEN arbeitet mit LEVEL5\u00a0 &#8211; einem System, das speziell daf\u00fcr entwickelt wurde, informell und non-formal erworbene pers\u00f6nliche, soziale und organisatorische Kompetenzen zu evaluieren und zu visualisieren. LEVEL5 basiert auf einem 3-dimensionalen Ansatz zur Validierung kognitiver, aktivit\u00e4tsbezogener und affektiver Lernergebnisse, die in einem W\u00fcrfel dargestellt werden. LEVEL5 unterst\u00fctzt ganzheitliche Lernprozesse, von dem Lernende, Bildungsanbieter und GastunternehmerInnen profitieren.<\/p>\n<p><strong>Wie und wann wird LEVEL5 angewendet?<\/strong><\/p>\n<p>Nach einem Vorbereitungstraining werden die jungen Menschen ihr Praktikum in einem der beteiligten Gastunternehmen antreten. Die Kompetenzen, wie bspw. interkulturelle, unternehmerische und Mentoring-Kompetenzen, die die Beteiligten w\u00e4hrend der Praktikumsphase erwerben, sind Gegenstand der Validierung mit Hilfe des innovativen LELVE5 Systems.<\/p>\n<p>LEVEL5 ist vom Europ\u00e4ischen Netzwerk <a href=\"http:\/\/www.reveal-eu.org\/\">REVEAL<\/a> zur F\u00f6rderung, Validierung und Visualisierung informellen und nicht formalen Lernens entwickelt worden.<\/p>\n<div class=\"twoclick_social_bookmarks_post_333 social_share_privacy clearfix 1.6.4 locale-de_DE sprite-en_GB\"><\/div><div class=\"twoclick-js\"><script type=\"text\/javascript\">\/* <![CDATA[ *\/\njQuery(document).ready(function($){if($('.twoclick_social_bookmarks_post_333')){$('.twoclick_social_bookmarks_post_333').socialSharePrivacy({\"services\":{\"facebook\":{\"status\":\"on\",\"txt_info\":\"2 clicks for more privacy: Only after clicking the button it is activated and you can submit your recommendationsto Facebook. Once the button is activated, data is submitted to third parties. See <em>i<\\\/em>.\",\"perma_option\":\"off\",\"action\":\"recommend\",\"language\":\"en_GB\"},\"twitter\":{\"reply_to\":\"\",\"tweet_text\":\"Validierung%20%C2%BB%20EILEEN%20Project\",\"status\":\"on\",\"txt_info\":\"2 clicks for more privacy: Only after clicking the button it is activated and you can submit your recommendations to Twitter. Once the button is activated, data is submitted to third parties. See <em>i<\\\/em>.\",\"perma_option\":\"off\",\"language\":\"en\",\"referrer_track\":\"\"},\"gplus\":{\"status\":\"on\",\"txt_info\":\"2 clicks for more privacy: Only after clicking the button it is activated and you can submit your recommendations to Google+. Once the button is activated, data is submitted to third parties. See <em>i<\\\/em>.\",\"perma_option\":\"off\",\"referrer_track\":\"\"}},\"txt_help\":\"When activating these fields by clicking, information is submitted to Facebook, Twitter, LinkedIn, Pinterest or Google possibly into foreign countries and maybe even stored there. Learn more by clicking the <em>i<\\\/em>.\",\"settings_perma\":\"Activate permanently and agree to data-transfer:\",\"info_link\":\"http:\\\/\\\/www.h-online.com\\\/features\\\/Two-clicks-for-more-privacy-1783256.html\",\"uri\":\"https:\\\/\\\/eileen-eu.org\\\/de\\\/validierung\\\/\",\"post_id\":333,\"post_title_referrer_track\":\"Validierung\",\"display_infobox\":\"on\"});}});\n\/* ]]> *\/<\/script><\/div>","protected":false},"excerpt":{"rendered":"<p>EILEEN arbeitet mit LEVEL5\u00a0 &#8211; einem System, das speziell daf\u00fcr entwickelt wurde, informell und non-formal erworbene pers\u00f6nliche, soziale und organisatorische Kompetenzen zu evaluieren und zu visualisieren. LEVEL5 basiert auf einem 3-dimensionalen Ansatz zur Validierung kognitiver, aktivit\u00e4tsbezogener und affektiver Lernergebnisse, die in einem W\u00fcrfel dargestellt werden. LEVEL5 unterst\u00fctzt ganzheitliche Lernprozesse, von dem Lernende, Bildungsanbieter und GastunternehmerInnen &hellip; <a href=\"https:\/\/eileen-eu.org\/de\/validierung\/\" class=\"more-link\"><span class=\"screen-reader-text\">Validierung<\/span> weiterlesen <span class=\"meta-nav\">&rarr;<\/span><\/a><\/p>\n","protected":false},"author":1,"featured_media":0,"parent":0,"menu_order":0,"comment_status":"closed","ping_status":"open","template":"","meta":{"_locale":"de_DE","_original_post":"138","footnotes":""},"class_list":["post-333","page","type-page","status-publish","hentry","de-DE"],"_links":{"self":[{"href":"https:\/\/eileen-eu.org\/wp-json\/wp\/v2\/pages\/333","targetHints":{"allow":["GET"]}}],"collection":[{"href":"https:\/\/eileen-eu.org\/wp-json\/wp\/v2\/pages"}],"about":[{"href":"https:\/\/eileen-eu.org\/wp-json\/wp\/v2\/types\/page"}],"author":[{"embeddable":true,"href":"https:\/\/eileen-eu.org\/wp-json\/wp\/v2\/users\/1"}],"replies":[{"embeddable":true,"href":"https:\/\/eileen-eu.org\/wp-json\/wp\/v2\/comments?post=333"}],"version-history":[{"count":5,"href":"https:\/\/eileen-eu.org\/wp-json\/wp\/v2\/pages\/333\/revisions"}],"predecessor-version":[{"id":946,"href":"https:\/\/eileen-eu.org\/wp-json\/wp\/v2\/pages\/333\/revisions\/946"}],"wp:attachment":[{"href":"https:\/\/eileen-eu.org\/wp-json\/wp\/v2\/media?parent=333"}],"curies":[{"name":"wp","href":"https:\/\/api.w.org\/{rel}","templated":true}]}}