{"id":789,"date":"2016-06-19T11:29:38","date_gmt":"2016-06-19T10:29:38","guid":{"rendered":"http:\/\/eileen-eu.org\/?page_id=789"},"modified":"2016-12-20T11:49:40","modified_gmt":"2016-12-20T10:49:40","slug":"e-learning","status":"publish","type":"page","link":"https:\/\/eileen-eu.org\/de\/e-learning\/","title":{"rendered":"TOOLBOX"},"content":{"rendered":"<p>EILEEN hat eine umfangreiche Sammlung von Materialien entwickelt, mit denen das interkulturelle Lernen in europ\u00e4ischen Unternehmen gef\u00f6rdert werden kann. Diese Materialien haben wir f\u00fcr Sie in der <strong>EILEEN TOOLBOX<\/strong> zusammen gestellt.<\/p>\n<p>Die <strong>TOOLBOX<\/strong> besteht aus mehreren Elementen, die in insgesamt 9 Sprachen verf\u00fcgbar sind: auf englisch, bulgarisch, deutsch, franz\u00f6sisch, spanisch, portugiesisch, niederl\u00e4ndisch, italienisch und griechisch.<\/p>\n<ul>\n<li>Die <strong>E-learning platform<\/strong> mit Kursen zu interkulturellen Kompetenzen, zu Mentoring und zur Validierung von Kompetezen, die sich jeweils an Unternehmen und an junge Menschen, die Arbeitserfahrung im Ausland sammeln wollen, richten.<\/li>\n<\/ul>\n<p>Clicken Sie <strong><a href=\"http:\/\/learning.vita-eu.org\/\" target=\"_blank\">hier<\/a><\/strong> um sich auf der EILEEN Lernplattform anzumelden.<\/p>\n<p><a href=\"http:\/\/eileen-eu.org\/wp-content\/uploads\/2016\/04\/Platform.png\"><img loading=\"lazy\" decoding=\"async\" class=\"size-medium wp-image-829 aligncenter\" src=\"http:\/\/eileen-eu.org\/wp-content\/uploads\/2016\/04\/Platform-300x173.png\" alt=\"\" width=\"300\" height=\"173\" srcset=\"https:\/\/eileen-eu.org\/wp-content\/uploads\/2016\/04\/Platform-300x173.png 300w, https:\/\/eileen-eu.org\/wp-content\/uploads\/2016\/04\/Platform-768x442.png 768w, https:\/\/eileen-eu.org\/wp-content\/uploads\/2016\/04\/Platform-1024x589.png 1024w, https:\/\/eileen-eu.org\/wp-content\/uploads\/2016\/04\/Platform.png 1072w\" sizes=\"auto, (max-width: 300px) 100vw, 300px\" \/><\/a><\/p>\n<ul>\n<li><strong>Handlungsanweisungen<\/strong> wie interkulturelles Lernen in Unternehmen gef\u00f6rdert werden kann.<br \/>\nLaden Sie das Dokument <a href=\"http:\/\/eileen-eu.org\/wp-content\/uploads\/2014\/12\/Acting_Recommendations_DE.pdf\">hier<\/a> herunter.<\/li>\n<\/ul>\n<ul>\n<li><strong>Beispiele guter Praxis<\/strong>: einige kurze Videos zeigen, wie der EILEEN Ansatz in den Partnerl\u00e4ndern umgesetzt wurde.\u00a0 <strong><br \/>\n<\/strong><\/li>\n<\/ul>\n<p><iframe loading=\"lazy\" title=\"EILEEN in Bulgaria\" width=\"474\" height=\"267\" src=\"https:\/\/www.youtube.com\/embed\/QwrqKutbJPs?feature=oembed\" frameborder=\"0\" allow=\"accelerometer; autoplay; clipboard-write; encrypted-media; gyroscope; picture-in-picture; web-share\" referrerpolicy=\"strict-origin-when-cross-origin\" allowfullscreen><\/iframe><\/p>\n<p><iframe loading=\"lazy\" title=\"EILEEN Learners in France\" width=\"474\" height=\"267\" src=\"https:\/\/www.youtube.com\/embed\/3Me6Is6VJHg?feature=oembed\" frameborder=\"0\" allow=\"accelerometer; autoplay; clipboard-write; encrypted-media; gyroscope; picture-in-picture; web-share\" referrerpolicy=\"strict-origin-when-cross-origin\" allowfullscreen><\/iframe><\/p>\n<p><iframe loading=\"lazy\" title=\"EILLEN enterprise and training in Greece\" width=\"474\" height=\"267\" src=\"https:\/\/www.youtube.com\/embed\/1QKJRl51HHg?feature=oembed\" frameborder=\"0\" allow=\"accelerometer; autoplay; clipboard-write; encrypted-media; gyroscope; picture-in-picture; web-share\" referrerpolicy=\"strict-origin-when-cross-origin\" allowfullscreen><\/iframe><\/p>\n<p><iframe loading=\"lazy\" title=\"EILEEN and WEE label in Greece\" width=\"474\" height=\"267\" src=\"https:\/\/www.youtube.com\/embed\/wZCTEpvjX5M?feature=oembed\" frameborder=\"0\" allow=\"accelerometer; autoplay; clipboard-write; encrypted-media; gyroscope; picture-in-picture; web-share\" referrerpolicy=\"strict-origin-when-cross-origin\" allowfullscreen><\/iframe><\/p>\n<p><iframe loading=\"lazy\" title=\"EILEEN Learner in Greece\" width=\"474\" height=\"356\" src=\"https:\/\/www.youtube.com\/embed\/amBUd6C1TU4?feature=oembed\" frameborder=\"0\" allow=\"accelerometer; autoplay; clipboard-write; encrypted-media; gyroscope; picture-in-picture; web-share\" referrerpolicy=\"strict-origin-when-cross-origin\" allowfullscreen><\/iframe><\/p>\n<ul>\n<li><strong>Das WEE-Label &#8211; Europ\u00e4isches Qualit\u00e4tslabel<br \/>\n<\/strong><\/li>\n<\/ul>\n<p><a href=\"http:\/\/eileen-eu.org\/wp-content\/uploads\/2016\/06\/weelcome_blau_FINAL.png\"><img loading=\"lazy\" decoding=\"async\" class=\"size-medium wp-image-676 aligncenter\" src=\"http:\/\/eileen-eu.org\/wp-content\/uploads\/2016\/06\/weelcome_blau_FINAL-300x103.png\" alt=\"\" width=\"300\" height=\"103\" srcset=\"https:\/\/eileen-eu.org\/wp-content\/uploads\/2016\/06\/weelcome_blau_FINAL-300x103.png 300w, https:\/\/eileen-eu.org\/wp-content\/uploads\/2016\/06\/weelcome_blau_FINAL-768x264.png 768w, https:\/\/eileen-eu.org\/wp-content\/uploads\/2016\/06\/weelcome_blau_FINAL-1024x353.png 1024w\" sizes=\"auto, (max-width: 300px) 100vw, 300px\" \/><\/a><\/p>\n<p>Um Bewusstsein zu schaffen und interkulturelle F\u00e4higkeiten und Kompetenzen zu validieren, hat das EILEEN Konsortium das WEE-Label entwickelt. Das WEE Label ist ein europ\u00e4isches Qualit\u00e4tslabel, dass Arbeitssuchenden aus aller Welt, die in Europa arbeiten m\u00f6chten, das Signal gibt, dass in Ihrem Unternehmen eine Willkommenskultur gepflegt wird und interkulturelle Kompetenzen gef\u00f6rdert und gesch\u00e4tzt werden.<\/p>\n<p style=\"text-align: left;\"><a href=\"http:\/\/eileen-eu.org\/wee-label\/\">Wie kann man das Label erhalten?<\/a><\/p>\n<p style=\"text-align: left;\">Downloaden Sie die <a href=\"http:\/\/eileen-eu.org\/wp-content\/uploads\/2016\/06\/WEE_LABEL.pdf\">WEE_LABEL Brosch\u00fcre <\/a>und den <a href=\"http:\/\/eileen-eu.org\/wp-content\/uploads\/2014\/12\/WEE-Flyer.pdf\">WEE label flyer.<\/a><\/p>\n<div class=\"twoclick_social_bookmarks_post_789 social_share_privacy clearfix 1.6.4 locale-de_DE sprite-en_GB\"><\/div><div class=\"twoclick-js\"><script type=\"text\/javascript\">\/* <![CDATA[ *\/\njQuery(document).ready(function($){if($('.twoclick_social_bookmarks_post_789')){$('.twoclick_social_bookmarks_post_789').socialSharePrivacy({\"services\":{\"facebook\":{\"status\":\"on\",\"txt_info\":\"2 clicks for more privacy: Only after clicking the button it is activated and you can submit your recommendationsto Facebook. Once the button is activated, data is submitted to third parties. See <em>i<\\\/em>.\",\"perma_option\":\"off\",\"action\":\"recommend\",\"language\":\"en_GB\"},\"twitter\":{\"reply_to\":\"\",\"tweet_text\":\"TOOLBOX%20%C2%BB%20EILEEN%20Project\",\"status\":\"on\",\"txt_info\":\"2 clicks for more privacy: Only after clicking the button it is activated and you can submit your recommendations to Twitter. Once the button is activated, data is submitted to third parties. See <em>i<\\\/em>.\",\"perma_option\":\"off\",\"language\":\"en\",\"referrer_track\":\"\"},\"gplus\":{\"status\":\"on\",\"txt_info\":\"2 clicks for more privacy: Only after clicking the button it is activated and you can submit your recommendations to Google+. Once the button is activated, data is submitted to third parties. See <em>i<\\\/em>.\",\"perma_option\":\"off\",\"referrer_track\":\"\"}},\"txt_help\":\"When activating these fields by clicking, information is submitted to Facebook, Twitter, LinkedIn, Pinterest or Google possibly into foreign countries and maybe even stored there. Learn more by clicking the <em>i<\\\/em>.\",\"settings_perma\":\"Activate permanently and agree to data-transfer:\",\"info_link\":\"http:\\\/\\\/www.h-online.com\\\/features\\\/Two-clicks-for-more-privacy-1783256.html\",\"uri\":\"https:\\\/\\\/eileen-eu.org\\\/de\\\/e-learning\\\/\",\"post_id\":789,\"post_title_referrer_track\":\"TOOLBOX\",\"display_infobox\":\"on\"});}});\n\/* ]]> *\/<\/script><\/div>","protected":false},"excerpt":{"rendered":"<p>EILEEN hat eine umfangreiche Sammlung von Materialien entwickelt, mit denen das interkulturelle Lernen in europ\u00e4ischen Unternehmen gef\u00f6rdert werden kann. Diese Materialien haben wir f\u00fcr Sie in der EILEEN TOOLBOX zusammen gestellt. Die TOOLBOX besteht aus mehreren Elementen, die in insgesamt 9 Sprachen verf\u00fcgbar sind: auf englisch, bulgarisch, deutsch, franz\u00f6sisch, spanisch, portugiesisch, niederl\u00e4ndisch, italienisch und griechisch. &hellip; <a href=\"https:\/\/eileen-eu.org\/de\/e-learning\/\" class=\"more-link\"><span class=\"screen-reader-text\">TOOLBOX<\/span> weiterlesen <span class=\"meta-nav\">&rarr;<\/span><\/a><\/p>\n","protected":false},"author":6,"featured_media":0,"parent":0,"menu_order":0,"comment_status":"closed","ping_status":"closed","template":"","meta":{"_locale":"de_DE","_original_post":"652","footnotes":""},"class_list":["post-789","page","type-page","status-publish","hentry","de-DE"],"_links":{"self":[{"href":"https:\/\/eileen-eu.org\/wp-json\/wp\/v2\/pages\/789","targetHints":{"allow":["GET"]}}],"collection":[{"href":"https:\/\/eileen-eu.org\/wp-json\/wp\/v2\/pages"}],"about":[{"href":"https:\/\/eileen-eu.org\/wp-json\/wp\/v2\/types\/page"}],"author":[{"embeddable":true,"href":"https:\/\/eileen-eu.org\/wp-json\/wp\/v2\/users\/6"}],"replies":[{"embeddable":true,"href":"https:\/\/eileen-eu.org\/wp-json\/wp\/v2\/comments?post=789"}],"version-history":[{"count":10,"href":"https:\/\/eileen-eu.org\/wp-json\/wp\/v2\/pages\/789\/revisions"}],"predecessor-version":[{"id":849,"href":"https:\/\/eileen-eu.org\/wp-json\/wp\/v2\/pages\/789\/revisions\/849"}],"wp:attachment":[{"href":"https:\/\/eileen-eu.org\/wp-json\/wp\/v2\/media?parent=789"}],"curies":[{"name":"wp","href":"https:\/\/api.w.org\/{rel}","templated":true}]}}