{"id":882,"date":"2018-05-23T11:14:42","date_gmt":"2018-05-23T10:14:42","guid":{"rendered":"http:\/\/eileen-eu.org\/?page_id=882"},"modified":"2018-05-24T09:26:04","modified_gmt":"2018-05-24T08:26:04","slug":"imprint","status":"publish","type":"page","link":"https:\/\/eileen-eu.org\/de\/imprint\/","title":{"rendered":"Impressum"},"content":{"rendered":"<p>BUPNET \u2013 Bildung und Projekt Netzwerk GmbH<br \/>\nAm Leinekanal 4<br \/>\nD-37073 G\u00f6ttingen<\/p>\n<p>Telefon: 0551 54707-0<br \/>\nTelefax: 0551 54707-17<br \/>\nE-Mail: info@bupnet.de<\/p>\n<p>Vertretungsberechtigter: Klaus-Peter M\u00fcller<br \/>\nAmtsregister: Amtsgericht G\u00f6ttingen, HRB 2717<br \/>\nUmsatzsteuer-ID: DE184256088<\/p>\n<p>Verantwortlich f\u00fcr den Inhalt nach \u00a755 Abs. 2 RStV:<br \/>\nKlaus-Peter M\u00fcller<br \/>\nBUPNET \u2013 Bildung und Projekt Netzwerk GmbH<br \/>\nAm Leinekanal 4<br \/>\nD-37073 G\u00f6ttingen<\/p>\n<p>Haftungsausschluss<br \/>\nWir haben die Inhalte unserer Webseite nach bestem Wissen und Gewissen erstellt. Wir bitten um Verst\u00e4ndnis, dass wir dennoch keine Garantie daf\u00fcr \u00fcbernehmen, dass die bereitgestellten Informationen in jedem Fall vollst\u00e4ndig, richtig und aktuell sind.<br \/>\nTrotz vorheriger inhaltlicher Pr\u00fcfung \u00fcbernehmen wir auch keine Haftung f\u00fcr die Inhalte externer Webseiten, die \u00fcber Hyperlinks zur Nutzung bereitgestellt werden. Bei diesen Seiten handelt es sich um fremde Angebote, f\u00fcr deren Inhalte ausschlie\u00dflich deren Betreiber verantwortlich sind. Sollten Ihnen Rechtsverst\u00f6\u00dfe oder sonstige unangemessene Inhalte auf einer verlinkten Seite auffallen, bitten wir um einen entsprechenden Hinweis, damit wir den Link l\u00f6schen k\u00f6nnen.<\/p>\n<div class=\"twoclick_social_bookmarks_post_882 social_share_privacy clearfix 1.6.4 locale-de_DE sprite-en_GB\"><\/div><div class=\"twoclick-js\"><script type=\"text\/javascript\">\/* <![CDATA[ *\/\njQuery(document).ready(function($){if($('.twoclick_social_bookmarks_post_882')){$('.twoclick_social_bookmarks_post_882').socialSharePrivacy({\"services\":{\"facebook\":{\"status\":\"on\",\"txt_info\":\"2 clicks for more privacy: Only after clicking the button it is activated and you can submit your recommendationsto Facebook. Once the button is activated, data is submitted to third parties. See <em>i<\\\/em>.\",\"perma_option\":\"off\",\"action\":\"recommend\",\"language\":\"en_GB\"},\"twitter\":{\"reply_to\":\"\",\"tweet_text\":\"Impressum%20%C2%BB%20EILEEN%20Project\",\"status\":\"on\",\"txt_info\":\"2 clicks for more privacy: Only after clicking the button it is activated and you can submit your recommendations to Twitter. Once the button is activated, data is submitted to third parties. See <em>i<\\\/em>.\",\"perma_option\":\"off\",\"language\":\"en\",\"referrer_track\":\"\"},\"gplus\":{\"status\":\"on\",\"txt_info\":\"2 clicks for more privacy: Only after clicking the button it is activated and you can submit your recommendations to Google+. Once the button is activated, data is submitted to third parties. See <em>i<\\\/em>.\",\"perma_option\":\"off\",\"referrer_track\":\"\"}},\"txt_help\":\"When activating these fields by clicking, information is submitted to Facebook, Twitter, LinkedIn, Pinterest or Google possibly into foreign countries and maybe even stored there. Learn more by clicking the <em>i<\\\/em>.\",\"settings_perma\":\"Activate permanently and agree to data-transfer:\",\"info_link\":\"http:\\\/\\\/www.h-online.com\\\/features\\\/Two-clicks-for-more-privacy-1783256.html\",\"uri\":\"https:\\\/\\\/eileen-eu.org\\\/de\\\/imprint\\\/\",\"post_id\":882,\"post_title_referrer_track\":\"Impressum\",\"display_infobox\":\"on\"});}});\n\/* ]]> *\/<\/script><\/div>","protected":false},"excerpt":{"rendered":"<p>BUPNET \u2013 Bildung und Projekt Netzwerk GmbH Am Leinekanal 4 D-37073 G\u00f6ttingen Telefon: 0551 54707-0 Telefax: 0551 54707-17 E-Mail: info@bupnet.de Vertretungsberechtigter: Klaus-Peter M\u00fcller Amtsregister: Amtsgericht G\u00f6ttingen, HRB 2717 Umsatzsteuer-ID: DE184256088 Verantwortlich f\u00fcr den Inhalt nach \u00a755 Abs. 2 RStV: Klaus-Peter M\u00fcller BUPNET \u2013 Bildung und Projekt Netzwerk GmbH Am Leinekanal 4 D-37073 G\u00f6ttingen Haftungsausschluss Wir &hellip; <a href=\"https:\/\/eileen-eu.org\/de\/imprint\/\" class=\"more-link\"><span class=\"screen-reader-text\">Impressum<\/span> weiterlesen <span class=\"meta-nav\">&rarr;<\/span><\/a><\/p>\n","protected":false},"author":4,"featured_media":0,"parent":0,"menu_order":0,"comment_status":"closed","ping_status":"closed","template":"","meta":{"_locale":"de_DE","_original_post":"880","footnotes":""},"class_list":["post-882","page","type-page","status-publish","hentry","de-DE"],"_links":{"self":[{"href":"https:\/\/eileen-eu.org\/wp-json\/wp\/v2\/pages\/882","targetHints":{"allow":["GET"]}}],"collection":[{"href":"https:\/\/eileen-eu.org\/wp-json\/wp\/v2\/pages"}],"about":[{"href":"https:\/\/eileen-eu.org\/wp-json\/wp\/v2\/types\/page"}],"author":[{"embeddable":true,"href":"https:\/\/eileen-eu.org\/wp-json\/wp\/v2\/users\/4"}],"replies":[{"embeddable":true,"href":"https:\/\/eileen-eu.org\/wp-json\/wp\/v2\/comments?post=882"}],"version-history":[{"count":4,"href":"https:\/\/eileen-eu.org\/wp-json\/wp\/v2\/pages\/882\/revisions"}],"predecessor-version":[{"id":894,"href":"https:\/\/eileen-eu.org\/wp-json\/wp\/v2\/pages\/882\/revisions\/894"}],"wp:attachment":[{"href":"https:\/\/eileen-eu.org\/wp-json\/wp\/v2\/media?parent=882"}],"curies":[{"name":"wp","href":"https:\/\/api.w.org\/{rel}","templated":true}]}}