{"id":886,"date":"2018-05-23T11:15:21","date_gmt":"2018-05-23T10:15:21","guid":{"rendered":"http:\/\/eileen-eu.org\/?page_id=886"},"modified":"2018-05-23T11:15:21","modified_gmt":"2018-05-23T10:15:21","slug":"privacy-policy","status":"publish","type":"page","link":"https:\/\/eileen-eu.org\/de\/privacy-policy\/","title":{"rendered":"Datenschutzerkl\u00e4rung"},"content":{"rendered":"<p><b>Rechtsgrundlage<\/b><br \/>\nDiese Datenschutzerkl\u00e4rung soll die Nutzer dieser Webseite gem\u00e4\u00df Bundesdatenschutzgesetz, Telemediengesetz und DSGVO \u00fcber die Art, den Umfang und den Zweck der Erhebung und Verwendung personenbezogener Daten durch den Webseitenbetreiber BUPNET GmbH informieren.<\/p>\n<p><b>Erhebung und Verarbeitung personenbezogener Daten<\/b><br \/>\nAlle Ihre pers\u00f6nlichen Angaben werden von uns nur dann erhoben, wenn Sie uns diese von sich aus, zum Beispiel zur Durchf\u00fchrung einer Weiterbildung, eines Vertrages, einer Bestellung, zur Zusendung von Informationsmaterial oder im Rahmen einer Umfrage angeben. Daten, die Sie uns \u00fcber eine unserer Webseiten \u00fcbermitteln, werden nur f\u00fcr Zwecke der Vertrags- und Bestellabwicklung und der Bearbeitung Ihrer Anfragen gespeichert, verarbeitet und genutzt. Dar\u00fcber hinaus erfolgt eine Verarbeitung und Nutzung Ihrer Daten nur, wenn Sie ausdr\u00fccklich zugestimmt haben.<\/p>\n<p>Es findet keine Weitergabe Ihrer Daten an Dritte statt, die nicht direkt mit der Bearbeitung Ihrer Auftr\u00e4ge oder Betreuung der Weiterbildungen beauftragt sind. Diese dritten Parteien sind als Kooperationspartner in unseren Angeboten aufgef\u00fchrt. Ihre Einwilligung k\u00f6nnen Sie jederzeit widerrufen. Der Widerruf gilt dann f\u00fcr die Zukunft.<\/p>\n<p><b>Anonyme Protokollierung<\/b><br \/>\nWir registrieren in anonymisierter Form die auf unserer Webseite gelesenen Informationen und die von unserer Webseite heruntergeladenen Dateien, im Einzelnen:<\/p>\n<ul>\n<li>Besuchte URL<\/li>\n<li>Zeitpunkt des Zugriffes<\/li>\n<li>Menge der gesendeten Daten in Byte<\/li>\n<li>Verweis, von welcher Seite Sie kommen (Referrer)<\/li>\n<li>Verwendeter Browser<\/li>\n<li>Verwendetes Betriebssystem<\/li>\n<li>Verwendete IP-Adresse<\/li>\n<\/ul>\n<p><b>Kommentare und Beitr\u00e4ge<\/b><br \/>\nHinterlassen Sie auf dieser Webseite einen Beitrag oder Kommentar, werden die IP-Adresse und, falls vorhanden, das Benutzerkonto gespeichert. Dies dient unserer Sicherheit: Verst\u00f6\u00dft Ihr Text gegen Gesetze, wird Ihre Identit\u00e4t nachverfolgt und Sie haften f\u00fcr die von Ihnen verfassten Inhalte.<\/p>\n<p><b>Cookies<\/b><br \/>\nEinige unserer Webseiten verwenden Cookies. Dabei handelt es sich um kleine Textdateien, welche auf Ihrem Endger\u00e4t vom Browser gespeichert werden. Der Webserver erkennt Sie durch Lesen dieser Textdateien wieder und kann Ihren Webseitenaufruf einer Anmeldung, einem Warenkorb oder einer anderen Webanwendung zuordnen. Dies ist f\u00fcr eine Anmeldung (Login) zwingend notwendig oder erh\u00f6ht die Benutzerfreundlichkeit anderer Teile der Webseiten. Alle Browser bieten die Einstellung, Cookies nicht zuzulassen. Es ist nicht gew\u00e4hrleistet, dass Sie auf alle Funktionen dieser Webseite ohne Einschr\u00e4nkungen zugreifen k\u00f6nnen, wenn Sie die Speicherung von Cookies unterbinden.<\/p>\n<p><b>Eingebettete Inhalte anderer Anbieter wie Youtube, Google Maps und Facebook<\/b><br \/>\nEinige unserer Webseiten verwenden Inhalte externer Anbieter und betten diese in unser eigenes Angebot ein. Sollten Sie bei diesen Anbietern ein Konto besitzen und dort eingeloggt sein, kann der Aufruf unserer Seiten bei dem Anbieter Ihnen pers\u00f6nlich zugeordnet werden. Wenn Sie dies nicht w\u00fcnschen, loggen Sie sich bitte vorher dort aus. Es gilt die jeweilige Datenschutzerkl\u00e4rung des Anbieters.<\/p>\n<p><b>Rechte des Nutzers auf Auskunft, Berichtigung und L\u00f6schung<\/b><br \/>\nSie als Nutzer\/in erhalten auf Antrag kostenlose Auskunft dar\u00fcber, welche personenbezogenen Daten \u00fcber Sie gespeichert wurden. Sofern Ihr Wunsch nicht mit einer gesetzlichen Pflicht zur Aufbewahrung von Daten kollidiert, haben Sie ein Anrecht auf Berichtigung falscher Daten und auf die Sperrung oder L\u00f6schung Ihrer Daten.<\/p>\n<p><b>\u00c4nderung unserer Datenschutzbestimmungen<\/b><br \/>\nWir behalten uns vor, diese Datenschutzerkl\u00e4rung anzupassen, damit sie stets den aktuellen rechtlichen Anforderungen entspricht. Es gilt die jeweils aktuelle Datenschutzerkl\u00e4rung.<\/p>\n<p><b>Kontakt und Aufsichtsbeh\u00f6rde<\/b><br \/>\nDie betriebliche Datenschutzbeauftragte kann \u00fcber unsere Emailadresse (info at bupnet.de) erreicht werden. Die Aufsichtsbeh\u00f6rde ist die Landesbeauftragte f\u00fcr Datenschutz in Niedersachsen, https:\/\/www.lfd.niedersachsen.de.<\/p>\n<div class=\"twoclick_social_bookmarks_post_886 social_share_privacy clearfix 1.6.4 locale-de_DE sprite-en_GB\"><\/div><div class=\"twoclick-js\"><script type=\"text\/javascript\">\/* <![CDATA[ *\/\njQuery(document).ready(function($){if($('.twoclick_social_bookmarks_post_886')){$('.twoclick_social_bookmarks_post_886').socialSharePrivacy({\"services\":{\"facebook\":{\"status\":\"on\",\"txt_info\":\"2 clicks for more privacy: Only after clicking the button it is activated and you can submit your recommendationsto Facebook. Once the button is activated, data is submitted to third parties. See <em>i<\\\/em>.\",\"perma_option\":\"off\",\"action\":\"recommend\",\"language\":\"en_GB\"},\"twitter\":{\"reply_to\":\"\",\"tweet_text\":\"Datenschutzerkl%C3%A4rung%20%C2%BB%20EILEEN%20Project\",\"status\":\"on\",\"txt_info\":\"2 clicks for more privacy: Only after clicking the button it is activated and you can submit your recommendations to Twitter. Once the button is activated, data is submitted to third parties. See <em>i<\\\/em>.\",\"perma_option\":\"off\",\"language\":\"en\",\"referrer_track\":\"\"},\"gplus\":{\"status\":\"on\",\"txt_info\":\"2 clicks for more privacy: Only after clicking the button it is activated and you can submit your recommendations to Google+. Once the button is activated, data is submitted to third parties. See <em>i<\\\/em>.\",\"perma_option\":\"off\",\"referrer_track\":\"\"}},\"txt_help\":\"When activating these fields by clicking, information is submitted to Facebook, Twitter, LinkedIn, Pinterest or Google possibly into foreign countries and maybe even stored there. Learn more by clicking the <em>i<\\\/em>.\",\"settings_perma\":\"Activate permanently and agree to data-transfer:\",\"info_link\":\"http:\\\/\\\/www.h-online.com\\\/features\\\/Two-clicks-for-more-privacy-1783256.html\",\"uri\":\"https:\\\/\\\/eileen-eu.org\\\/de\\\/privacy-policy\\\/\",\"post_id\":886,\"post_title_referrer_track\":\"Datenschutzerkl%C3%A4rung\",\"display_infobox\":\"on\"});}});\n\/* ]]> *\/<\/script><\/div>","protected":false},"excerpt":{"rendered":"<p>Rechtsgrundlage Diese Datenschutzerkl\u00e4rung soll die Nutzer dieser Webseite gem\u00e4\u00df Bundesdatenschutzgesetz, Telemediengesetz und DSGVO \u00fcber die Art, den Umfang und den Zweck der Erhebung und Verwendung personenbezogener Daten durch den Webseitenbetreiber BUPNET GmbH informieren. Erhebung und Verarbeitung personenbezogener Daten Alle Ihre pers\u00f6nlichen Angaben werden von uns nur dann erhoben, wenn Sie uns diese von sich aus, &hellip; <a href=\"https:\/\/eileen-eu.org\/de\/privacy-policy\/\" class=\"more-link\"><span class=\"screen-reader-text\">Datenschutzerkl\u00e4rung<\/span> weiterlesen <span class=\"meta-nav\">&rarr;<\/span><\/a><\/p>\n","protected":false},"author":4,"featured_media":0,"parent":0,"menu_order":0,"comment_status":"closed","ping_status":"closed","template":"","meta":{"_locale":"de_DE","_original_post":"884","footnotes":""},"class_list":["post-886","page","type-page","status-publish","hentry","de-DE"],"_links":{"self":[{"href":"https:\/\/eileen-eu.org\/wp-json\/wp\/v2\/pages\/886","targetHints":{"allow":["GET"]}}],"collection":[{"href":"https:\/\/eileen-eu.org\/wp-json\/wp\/v2\/pages"}],"about":[{"href":"https:\/\/eileen-eu.org\/wp-json\/wp\/v2\/types\/page"}],"author":[{"embeddable":true,"href":"https:\/\/eileen-eu.org\/wp-json\/wp\/v2\/users\/4"}],"replies":[{"embeddable":true,"href":"https:\/\/eileen-eu.org\/wp-json\/wp\/v2\/comments?post=886"}],"version-history":[{"count":1,"href":"https:\/\/eileen-eu.org\/wp-json\/wp\/v2\/pages\/886\/revisions"}],"predecessor-version":[{"id":887,"href":"https:\/\/eileen-eu.org\/wp-json\/wp\/v2\/pages\/886\/revisions\/887"}],"wp:attachment":[{"href":"https:\/\/eileen-eu.org\/wp-json\/wp\/v2\/media?parent=886"}],"curies":[{"name":"wp","href":"https:\/\/api.w.org\/{rel}","templated":true}]}}