{"id":493,"date":"2015-03-03T16:18:28","date_gmt":"2015-03-03T15:18:28","guid":{"rendered":"http:\/\/eileen-eu.org\/?page_id=493"},"modified":"2018-08-01T10:24:12","modified_gmt":"2018-08-01T09:24:12","slug":"actividades","status":"publish","type":"page","link":"https:\/\/eileen-eu.org\/es\/actividades\/","title":{"rendered":"Actividades"},"content":{"rendered":"<p>Las principales actividades del proyecto EILEEN entre Septiembre 2014 y Agosto 2016 son:<\/p>\n<p><a href=\"https:\/\/eileen-eu.org\/wp-content\/uploads\/2014\/12\/Ausschnitt_IOS.png\"><img loading=\"lazy\" decoding=\"async\" class=\"aligncenter wp-image-33 size-large\" src=\"https:\/\/eileen-eu.org\/wp-content\/uploads\/2014\/12\/Ausschnitt_IOS-1024x544.png\" alt=\"Ausschnitt_IOS\" width=\"474\" height=\"252\" srcset=\"https:\/\/eileen-eu.org\/wp-content\/uploads\/2014\/12\/Ausschnitt_IOS-1024x544.png 1024w, https:\/\/eileen-eu.org\/wp-content\/uploads\/2014\/12\/Ausschnitt_IOS-300x159.png 300w\" sizes=\"auto, (max-width: 474px) 100vw, 474px\" \/><\/a><\/p>\n<ul>\n<li>Exploraci\u00f3n de las ya existentes aproximaciones para mejorar y validar las competencias interculturales en las empresas europeas.<\/li>\n<li>Investigaci\u00f3n de las necesidades espec\u00edficas para acoger a becarios con diferentes culturas.<\/li>\n<li>Desarrollando el sistema de validaci\u00f3n de EILEEN basado en el probado <a title=\"LEVEL5 videos\" href=\"http:\/\/www.reveal-eu.org\/\" target=\"_blank\">LEVEL5 <\/a> para evaluar y validar competencias interculturales y empresariales de acogimiento de j\u00f3venes y sus empresas anfitrionas.<\/li>\n<li>Desarrollando m\u00f3dulos de capacitaci\u00f3n de temas interculturales en empresas europeas y probando dichos m\u00f3dulos con empresas europeas interesadas en cursos de capacitaci\u00f3n europeos.<\/li>\n<li>Desarrollando m\u00f3dulos y cursos de capacitaci\u00f3n para j\u00f3venes (desempleados) en temas cuyo objetivo es prepararlos para formar parte en las pasant\u00edas europeas de las empresas participantes.<\/li>\n<li>Organizando periodos de pr\u00e1cticas como proyectos abiertos con becarios en las empresas participantes.<\/li>\n<li>Validando competencias desarrolladas de ambos: empresas y becarios por medio del ya probado sistema de validaci\u00f3n LEVEL5;<\/li>\n<li>Desarrollando y promoviendo una etiqueta Europea de bienvenida de empresas europeas conectadas para definir un criterio de calidad.<\/li>\n<li>Lanzando un premio europeo sobre iniciativas innovadoras para promover el aprendizaje intercultural de empresas europeas.<\/li>\n<\/ul>\n<div class=\"twoclick_social_bookmarks_post_493 social_share_privacy clearfix 1.6.4 locale-es_ES sprite-en_GB\"><\/div><div class=\"twoclick-js\"><script type=\"text\/javascript\">\/* <![CDATA[ *\/\njQuery(document).ready(function($){if($('.twoclick_social_bookmarks_post_493')){$('.twoclick_social_bookmarks_post_493').socialSharePrivacy({\"services\":{\"facebook\":{\"status\":\"on\",\"txt_info\":\"2 clicks for more privacy: Only after clicking the button it is activated and you can submit your recommendationsto Facebook. Once the button is activated, data is submitted to third parties. See <em>i<\\\/em>.\",\"perma_option\":\"off\",\"action\":\"recommend\",\"language\":\"en_GB\"},\"twitter\":{\"reply_to\":\"\",\"tweet_text\":\"Actividades%20%C2%BB%20EILEEN%20Project\",\"status\":\"on\",\"txt_info\":\"2 clicks for more privacy: Only after clicking the button it is activated and you can submit your recommendations to Twitter. Once the button is activated, data is submitted to third parties. See <em>i<\\\/em>.\",\"perma_option\":\"off\",\"language\":\"en\",\"referrer_track\":\"\"},\"gplus\":{\"status\":\"on\",\"txt_info\":\"2 clicks for more privacy: Only after clicking the button it is activated and you can submit your recommendations to Google+. Once the button is activated, data is submitted to third parties. See <em>i<\\\/em>.\",\"perma_option\":\"off\",\"referrer_track\":\"\"}},\"txt_help\":\"When activating these fields by clicking, information is submitted to Facebook, Twitter, LinkedIn, Pinterest or Google possibly into foreign countries and maybe even stored there. Learn more by clicking the <em>i<\\\/em>.\",\"settings_perma\":\"Activate permanently and agree to data-transfer:\",\"info_link\":\"http:\\\/\\\/www.h-online.com\\\/features\\\/Two-clicks-for-more-privacy-1783256.html\",\"uri\":\"https:\\\/\\\/eileen-eu.org\\\/es\\\/actividades\\\/\",\"post_id\":493,\"post_title_referrer_track\":\"Actividades\",\"display_infobox\":\"on\"});}});\n\/* ]]> *\/<\/script><\/div>","protected":false},"excerpt":{"rendered":"<p>Las principales actividades del proyecto EILEEN entre Septiembre 2014 y Agosto 2016 son: Exploraci\u00f3n de las ya existentes aproximaciones para mejorar y validar las competencias interculturales en las empresas europeas. Investigaci\u00f3n de las necesidades espec\u00edficas para acoger a becarios con diferentes culturas. Desarrollando el sistema de validaci\u00f3n de EILEEN basado en el probado LEVEL5 para &hellip; <a href=\"https:\/\/eileen-eu.org\/es\/actividades\/\" class=\"more-link\">Seguir leyendo <span class=\"screen-reader-text\">Actividades<\/span> <span class=\"meta-nav\">&rarr;<\/span><\/a><\/p>\n","protected":false},"author":1,"featured_media":0,"parent":0,"menu_order":0,"comment_status":"closed","ping_status":"open","template":"","meta":{"_locale":"es_ES","_original_post":"39","footnotes":""},"class_list":["post-493","page","type-page","status-publish","hentry","es-ES"],"_links":{"self":[{"href":"https:\/\/eileen-eu.org\/wp-json\/wp\/v2\/pages\/493","targetHints":{"allow":["GET"]}}],"collection":[{"href":"https:\/\/eileen-eu.org\/wp-json\/wp\/v2\/pages"}],"about":[{"href":"https:\/\/eileen-eu.org\/wp-json\/wp\/v2\/types\/page"}],"author":[{"embeddable":true,"href":"https:\/\/eileen-eu.org\/wp-json\/wp\/v2\/users\/1"}],"replies":[{"embeddable":true,"href":"https:\/\/eileen-eu.org\/wp-json\/wp\/v2\/comments?post=493"}],"version-history":[{"count":2,"href":"https:\/\/eileen-eu.org\/wp-json\/wp\/v2\/pages\/493\/revisions"}],"predecessor-version":[{"id":928,"href":"https:\/\/eileen-eu.org\/wp-json\/wp\/v2\/pages\/493\/revisions\/928"}],"wp:attachment":[{"href":"https:\/\/eileen-eu.org\/wp-json\/wp\/v2\/media?parent=493"}],"curies":[{"name":"wp","href":"https:\/\/api.w.org\/{rel}","templated":true}]}}