{"id":498,"date":"2015-03-03T16:21:29","date_gmt":"2015-03-03T15:21:29","guid":{"rendered":"http:\/\/eileen-eu.org\/?page_id=498"},"modified":"2018-08-01T10:25:40","modified_gmt":"2018-08-01T09:25:40","slug":"grupos-destinatarios","status":"publish","type":"page","link":"https:\/\/eileen-eu.org\/es\/grupos-destinatarios\/","title":{"rendered":"Grupos destinatarios"},"content":{"rendered":"<p><a href=\"https:\/\/eileen-eu.org\/wp-content\/uploads\/2015\/01\/Ausschnitt_TG_EILEEN.png\"><img loading=\"lazy\" decoding=\"async\" class=\"  wp-image-43 alignright\" src=\"https:\/\/eileen-eu.org\/wp-content\/uploads\/2015\/01\/Ausschnitt_TG_EILEEN-300x114.png\" alt=\"Ausschnitt_TG_EILEEN\" width=\"232\" height=\"88\" srcset=\"https:\/\/eileen-eu.org\/wp-content\/uploads\/2015\/01\/Ausschnitt_TG_EILEEN-300x114.png 300w, https:\/\/eileen-eu.org\/wp-content\/uploads\/2015\/01\/Ausschnitt_TG_EILEEN.png 758w\" sizes=\"auto, (max-width: 232px) 100vw, 232px\" \/><\/a>EILEEN llama a:<\/p>\n<ul>\n<li>J\u00f3venes que deben ser motivados y preparados para una pasant\u00eda en el extranjero;<\/li>\n<li>Empresas que quieran acoger a j\u00f3venes becarios;<\/li>\n<li>Evaluadores y practicantes validadores;<\/li>\n<li>Interesados e Instituciones externas;<\/li>\n<li>La sociedad en general.<\/li>\n<\/ul>\n<div class=\"twoclick_social_bookmarks_post_498 social_share_privacy clearfix 1.6.4 locale-es_ES sprite-en_GB\"><\/div><div class=\"twoclick-js\"><script type=\"text\/javascript\">\/* <![CDATA[ *\/\njQuery(document).ready(function($){if($('.twoclick_social_bookmarks_post_498')){$('.twoclick_social_bookmarks_post_498').socialSharePrivacy({\"services\":{\"facebook\":{\"status\":\"on\",\"txt_info\":\"2 clicks for more privacy: Only after clicking the button it is activated and you can submit your recommendationsto Facebook. Once the button is activated, data is submitted to third parties. See <em>i<\\\/em>.\",\"perma_option\":\"off\",\"action\":\"recommend\",\"language\":\"en_GB\"},\"twitter\":{\"reply_to\":\"\",\"tweet_text\":\"Grupos%20destinatarios%20%C2%BB%20EILEEN%20Project\",\"status\":\"on\",\"txt_info\":\"2 clicks for more privacy: Only after clicking the button it is activated and you can submit your recommendations to Twitter. Once the button is activated, data is submitted to third parties. See <em>i<\\\/em>.\",\"perma_option\":\"off\",\"language\":\"en\",\"referrer_track\":\"\"},\"gplus\":{\"status\":\"on\",\"txt_info\":\"2 clicks for more privacy: Only after clicking the button it is activated and you can submit your recommendations to Google+. Once the button is activated, data is submitted to third parties. See <em>i<\\\/em>.\",\"perma_option\":\"off\",\"referrer_track\":\"\"}},\"txt_help\":\"When activating these fields by clicking, information is submitted to Facebook, Twitter, LinkedIn, Pinterest or Google possibly into foreign countries and maybe even stored there. Learn more by clicking the <em>i<\\\/em>.\",\"settings_perma\":\"Activate permanently and agree to data-transfer:\",\"info_link\":\"http:\\\/\\\/www.h-online.com\\\/features\\\/Two-clicks-for-more-privacy-1783256.html\",\"uri\":\"https:\\\/\\\/eileen-eu.org\\\/es\\\/grupos-destinatarios\\\/\",\"post_id\":498,\"post_title_referrer_track\":\"Grupos+destinatarios\",\"display_infobox\":\"on\"});}});\n\/* ]]> *\/<\/script><\/div>","protected":false},"excerpt":{"rendered":"<p>EILEEN llama a: J\u00f3venes que deben ser motivados y preparados para una pasant\u00eda en el extranjero; Empresas que quieran acoger a j\u00f3venes becarios; Evaluadores y practicantes validadores; Interesados e Instituciones externas; La sociedad en general.<\/p>\n","protected":false},"author":1,"featured_media":0,"parent":0,"menu_order":0,"comment_status":"closed","ping_status":"open","template":"","meta":{"_locale":"es_ES","_original_post":"41","footnotes":""},"class_list":["post-498","page","type-page","status-publish","hentry","es-ES"],"_links":{"self":[{"href":"https:\/\/eileen-eu.org\/wp-json\/wp\/v2\/pages\/498","targetHints":{"allow":["GET"]}}],"collection":[{"href":"https:\/\/eileen-eu.org\/wp-json\/wp\/v2\/pages"}],"about":[{"href":"https:\/\/eileen-eu.org\/wp-json\/wp\/v2\/types\/page"}],"author":[{"embeddable":true,"href":"https:\/\/eileen-eu.org\/wp-json\/wp\/v2\/users\/1"}],"replies":[{"embeddable":true,"href":"https:\/\/eileen-eu.org\/wp-json\/wp\/v2\/comments?post=498"}],"version-history":[{"count":2,"href":"https:\/\/eileen-eu.org\/wp-json\/wp\/v2\/pages\/498\/revisions"}],"predecessor-version":[{"id":937,"href":"https:\/\/eileen-eu.org\/wp-json\/wp\/v2\/pages\/498\/revisions\/937"}],"wp:attachment":[{"href":"https:\/\/eileen-eu.org\/wp-json\/wp\/v2\/media?parent=498"}],"curies":[{"name":"wp","href":"https:\/\/api.w.org\/{rel}","templated":true}]}}