{"id":500,"date":"2015-03-03T16:23:43","date_gmt":"2015-03-03T15:23:43","guid":{"rendered":"http:\/\/eileen-eu.org\/?page_id=500"},"modified":"2018-08-01T10:27:58","modified_gmt":"2018-08-01T09:27:58","slug":"validacion","status":"publish","type":"page","link":"https:\/\/eileen-eu.org\/es\/validacion\/","title":{"rendered":"Validaci\u00f3n"},"content":{"rendered":"<p><a href=\"https:\/\/eileen-eu.org\/wp-content\/uploads\/2015\/01\/4_cubes.jpg\"><img loading=\"lazy\" decoding=\"async\" class=\" size-medium wp-image-139 aligncenter\" src=\"https:\/\/eileen-eu.org\/wp-content\/uploads\/2015\/01\/4_cubes-300x84.jpg\" alt=\"4_cubes\" width=\"300\" height=\"84\" srcset=\"https:\/\/eileen-eu.org\/wp-content\/uploads\/2015\/01\/4_cubes-300x84.jpg 300w, https:\/\/eileen-eu.org\/wp-content\/uploads\/2015\/01\/4_cubes.jpg 896w\" sizes=\"auto, (max-width: 300px) 100vw, 300px\" \/><\/a>EILEEN usa el sistema LEVEL5 que est\u00e1 espec\u00edficamente dise\u00f1ado para evaluar al personal, tanto sus competencias sociales como organizativas de desarrollo en bases de aprendizaje. Est\u00e1 basado en un acercamiento tridimensional para validar la ense\u00f1anza cognitiva, actividad relativa y resultados de aprendizaje. LEVEL5 es un proceso de aprendizaje hol\u00edstico que beneficia al estudiante, a los proveedores educacionales y a las empresas que los acogen.<\/p>\n<p><strong>C\u00f3mo y cu\u00e1ndo ser\u00e1 usado el LEVEL5?<\/strong><\/p>\n<p><strong>\u00a0<\/strong>Tras el curso preparatorio para los j\u00f3venes, y el curso Europeo de capacitaci\u00f3n para las empresas que los acogen, los j\u00f3venes proceder\u00e1n a la mobilidad europea. Ser\u00e1n recibidos por las empresas participantes. Las competencias (interculturales, empresariales y tutor\u00edas) adquiridas por ambos grupos durante dicho curso, ser\u00e1n validadas y documentadas a trav\u00e9s del innovador m\u00e9todo LEVEL5, desarrollado por la red <a href=\"http:\/\/www.reveal-eu.org\/\" target=\"_blank\">REVEAL <\/a>creada para promover, visualizar y validar el aprendizaje<\/p>\n<div class=\"twoclick_social_bookmarks_post_500 social_share_privacy clearfix 1.6.4 locale-es_ES sprite-en_GB\"><\/div><div class=\"twoclick-js\"><script type=\"text\/javascript\">\/* <![CDATA[ *\/\njQuery(document).ready(function($){if($('.twoclick_social_bookmarks_post_500')){$('.twoclick_social_bookmarks_post_500').socialSharePrivacy({\"services\":{\"facebook\":{\"status\":\"on\",\"txt_info\":\"2 clicks for more privacy: Only after clicking the button it is activated and you can submit your recommendationsto Facebook. Once the button is activated, data is submitted to third parties. See <em>i<\\\/em>.\",\"perma_option\":\"off\",\"action\":\"recommend\",\"language\":\"en_GB\"},\"twitter\":{\"reply_to\":\"\",\"tweet_text\":\"Validaci%C3%B3n%20%C2%BB%20EILEEN%20Project\",\"status\":\"on\",\"txt_info\":\"2 clicks for more privacy: Only after clicking the button it is activated and you can submit your recommendations to Twitter. Once the button is activated, data is submitted to third parties. See <em>i<\\\/em>.\",\"perma_option\":\"off\",\"language\":\"en\",\"referrer_track\":\"\"},\"gplus\":{\"status\":\"on\",\"txt_info\":\"2 clicks for more privacy: Only after clicking the button it is activated and you can submit your recommendations to Google+. Once the button is activated, data is submitted to third parties. See <em>i<\\\/em>.\",\"perma_option\":\"off\",\"referrer_track\":\"\"}},\"txt_help\":\"When activating these fields by clicking, information is submitted to Facebook, Twitter, LinkedIn, Pinterest or Google possibly into foreign countries and maybe even stored there. Learn more by clicking the <em>i<\\\/em>.\",\"settings_perma\":\"Activate permanently and agree to data-transfer:\",\"info_link\":\"http:\\\/\\\/www.h-online.com\\\/features\\\/Two-clicks-for-more-privacy-1783256.html\",\"uri\":\"https:\\\/\\\/eileen-eu.org\\\/es\\\/validacion\\\/\",\"post_id\":500,\"post_title_referrer_track\":\"Validaci%C3%B3n\",\"display_infobox\":\"on\"});}});\n\/* ]]> *\/<\/script><\/div>","protected":false},"excerpt":{"rendered":"<p>EILEEN usa el sistema LEVEL5 que est\u00e1 espec\u00edficamente dise\u00f1ado para evaluar al personal, tanto sus competencias sociales como organizativas de desarrollo en bases de aprendizaje. Est\u00e1 basado en un acercamiento tridimensional para validar la ense\u00f1anza cognitiva, actividad relativa y resultados de aprendizaje. LEVEL5 es un proceso de aprendizaje hol\u00edstico que beneficia al estudiante, a los &hellip; <a href=\"https:\/\/eileen-eu.org\/es\/validacion\/\" class=\"more-link\">Seguir leyendo <span class=\"screen-reader-text\">Validaci\u00f3n<\/span> <span class=\"meta-nav\">&rarr;<\/span><\/a><\/p>\n","protected":false},"author":1,"featured_media":0,"parent":0,"menu_order":0,"comment_status":"closed","ping_status":"open","template":"","meta":{"_locale":"es_ES","_original_post":"138","footnotes":""},"class_list":["post-500","page","type-page","status-publish","hentry","es-ES"],"_links":{"self":[{"href":"https:\/\/eileen-eu.org\/wp-json\/wp\/v2\/pages\/500","targetHints":{"allow":["GET"]}}],"collection":[{"href":"https:\/\/eileen-eu.org\/wp-json\/wp\/v2\/pages"}],"about":[{"href":"https:\/\/eileen-eu.org\/wp-json\/wp\/v2\/types\/page"}],"author":[{"embeddable":true,"href":"https:\/\/eileen-eu.org\/wp-json\/wp\/v2\/users\/1"}],"replies":[{"embeddable":true,"href":"https:\/\/eileen-eu.org\/wp-json\/wp\/v2\/comments?post=500"}],"version-history":[{"count":2,"href":"https:\/\/eileen-eu.org\/wp-json\/wp\/v2\/pages\/500\/revisions"}],"predecessor-version":[{"id":948,"href":"https:\/\/eileen-eu.org\/wp-json\/wp\/v2\/pages\/500\/revisions\/948"}],"wp:attachment":[{"href":"https:\/\/eileen-eu.org\/wp-json\/wp\/v2\/media?parent=500"}],"curies":[{"name":"wp","href":"https:\/\/api.w.org\/{rel}","templated":true}]}}