{"id":502,"date":"2015-03-03T16:24:31","date_gmt":"2015-03-03T15:24:31","guid":{"rendered":"http:\/\/eileen-eu.org\/?page_id=502"},"modified":"2015-03-03T16:24:31","modified_gmt":"2015-03-03T15:24:31","slug":"socios","status":"publish","type":"page","link":"https:\/\/eileen-eu.org\/es\/socios\/","title":{"rendered":"Socios"},"content":{"rendered":"<p>El consorcio de EILEEN est\u00e1 geogr\u00e1ficamente propagadp por todo Europa y re\u00fanea nueve socios con experiencia complementaria en los campos llevados acabo por el proyecto.<\/p>\n<p><a href=\"http:\/\/eileen-eu.org\/wp-content\/uploads\/2014\/12\/Partnership.png\"><img loading=\"lazy\" decoding=\"async\" class=\"alignnone size-full wp-image-52\" src=\"http:\/\/eileen-eu.org\/wp-content\/uploads\/2014\/12\/Partnership.png\" alt=\"Partnership\" width=\"800\" height=\"376\" srcset=\"https:\/\/eileen-eu.org\/wp-content\/uploads\/2014\/12\/Partnership.png 800w, https:\/\/eileen-eu.org\/wp-content\/uploads\/2014\/12\/Partnership-300x141.png 300w\" sizes=\"auto, (max-width: 800px) 100vw, 800px\" \/><\/a><\/p>\n<div class=\"twoclick_social_bookmarks_post_502 social_share_privacy clearfix 1.6.4 locale-es_ES sprite-en_GB\"><\/div><div class=\"twoclick-js\"><script type=\"text\/javascript\">\/* <![CDATA[ *\/\njQuery(document).ready(function($){if($('.twoclick_social_bookmarks_post_502')){$('.twoclick_social_bookmarks_post_502').socialSharePrivacy({\"services\":{\"facebook\":{\"status\":\"on\",\"txt_info\":\"2 clicks for more privacy: Only after clicking the button it is activated and you can submit your recommendationsto Facebook. Once the button is activated, data is submitted to third parties. See <em>i<\\\/em>.\",\"perma_option\":\"off\",\"action\":\"recommend\",\"language\":\"en_GB\"},\"twitter\":{\"reply_to\":\"\",\"tweet_text\":\"Socios%20%C2%BB%20EILEEN%20Project\",\"status\":\"on\",\"txt_info\":\"2 clicks for more privacy: Only after clicking the button it is activated and you can submit your recommendations to Twitter. Once the button is activated, data is submitted to third parties. See <em>i<\\\/em>.\",\"perma_option\":\"off\",\"language\":\"en\",\"referrer_track\":\"\"},\"gplus\":{\"status\":\"on\",\"txt_info\":\"2 clicks for more privacy: Only after clicking the button it is activated and you can submit your recommendations to Google+. Once the button is activated, data is submitted to third parties. See <em>i<\\\/em>.\",\"perma_option\":\"off\",\"referrer_track\":\"\"}},\"txt_help\":\"When activating these fields by clicking, information is submitted to Facebook, Twitter, LinkedIn, Pinterest or Google possibly into foreign countries and maybe even stored there. Learn more by clicking the <em>i<\\\/em>.\",\"settings_perma\":\"Activate permanently and agree to data-transfer:\",\"info_link\":\"http:\\\/\\\/www.h-online.com\\\/features\\\/Two-clicks-for-more-privacy-1783256.html\",\"uri\":\"https:\\\/\\\/eileen-eu.org\\\/es\\\/socios\\\/\",\"post_id\":502,\"post_title_referrer_track\":\"Socios\",\"display_infobox\":\"on\"});}});\n\/* ]]> *\/<\/script><\/div>","protected":false},"excerpt":{"rendered":"<p>El consorcio de EILEEN est\u00e1 geogr\u00e1ficamente propagadp por todo Europa y re\u00fanea nueve socios con experiencia complementaria en los campos llevados acabo por el proyecto.<\/p>\n","protected":false},"author":1,"featured_media":0,"parent":0,"menu_order":0,"comment_status":"closed","ping_status":"open","template":"","meta":{"_locale":"es_ES","_original_post":"13","footnotes":""},"class_list":["post-502","page","type-page","status-publish","hentry","es-ES"],"_links":{"self":[{"href":"https:\/\/eileen-eu.org\/wp-json\/wp\/v2\/pages\/502","targetHints":{"allow":["GET"]}}],"collection":[{"href":"https:\/\/eileen-eu.org\/wp-json\/wp\/v2\/pages"}],"about":[{"href":"https:\/\/eileen-eu.org\/wp-json\/wp\/v2\/types\/page"}],"author":[{"embeddable":true,"href":"https:\/\/eileen-eu.org\/wp-json\/wp\/v2\/users\/1"}],"replies":[{"embeddable":true,"href":"https:\/\/eileen-eu.org\/wp-json\/wp\/v2\/comments?post=502"}],"version-history":[{"count":1,"href":"https:\/\/eileen-eu.org\/wp-json\/wp\/v2\/pages\/502\/revisions"}],"predecessor-version":[{"id":503,"href":"https:\/\/eileen-eu.org\/wp-json\/wp\/v2\/pages\/502\/revisions\/503"}],"wp:attachment":[{"href":"https:\/\/eileen-eu.org\/wp-json\/wp\/v2\/media?parent=502"}],"curies":[{"name":"wp","href":"https:\/\/api.w.org\/{rel}","templated":true}]}}