{"id":850,"date":"2016-06-20T12:36:04","date_gmt":"2016-06-20T11:36:04","guid":{"rendered":"http:\/\/eileen-eu.org\/?page_id=850"},"modified":"2016-12-20T12:37:53","modified_gmt":"2016-12-20T11:37:53","slug":"e-learning","status":"publish","type":"page","link":"https:\/\/eileen-eu.org\/es\/e-learning\/","title":{"rendered":"TOOLBOX"},"content":{"rendered":"<p>EILEEN ha creado un repositorio ricco de materiales para apoyar el aprendizaje intercultural y su validaci\u00f3n en empresas europeas \u2013\u00a0 la <strong>EILEEN TOOLBOX.<\/strong><\/p>\n<p>La <strong>TOOLBOX<\/strong> consta de:<\/p>\n<ul>\n<li><strong>Plataforma online<\/strong> con cursos para desarrollar de competencias interculturales y de tutor\u00eda y su validaci\u00f3n tanto para empresas como para pasantes.<br \/>\n<a href=\"http:\/\/learning.vita-eu.org\/\"><strong>Haga clic<\/strong><\/a> aqu\u00ed para inscribirse en la plataforma de e-learning de EILEEN.<\/li>\n<\/ul>\n<p><a href=\"http:\/\/eileen-eu.org\/wp-content\/uploads\/2016\/04\/Platform.png\"><img loading=\"lazy\" decoding=\"async\" class=\"size-medium wp-image-829 aligncenter\" src=\"http:\/\/eileen-eu.org\/wp-content\/uploads\/2016\/04\/Platform-300x173.png\" alt=\"\" width=\"300\" height=\"173\" srcset=\"https:\/\/eileen-eu.org\/wp-content\/uploads\/2016\/04\/Platform-300x173.png 300w, https:\/\/eileen-eu.org\/wp-content\/uploads\/2016\/04\/Platform-768x442.png 768w, https:\/\/eileen-eu.org\/wp-content\/uploads\/2016\/04\/Platform-1024x589.png 1024w, https:\/\/eileen-eu.org\/wp-content\/uploads\/2016\/04\/Platform.png 1072w\" sizes=\"auto, (max-width: 300px) 100vw, 300px\" \/><\/a><\/p>\n<ul>\n<li><strong>Las recomendaciones de actuaci\u00f3n EILEEN <\/strong>para mejorar y validar el aprendizaje intercultural en las empresas.<br \/>\nDescargue el documento <a href=\"http:\/\/eileen-eu.org\/wp-content\/uploads\/2014\/12\/Acting_Recommendations_ES.pdf\"><strong>aqui<\/strong><\/a>.<\/li>\n<\/ul>\n<ul>\n<li><strong>Ejemplos de buenas pr\u00e1cticas<\/strong>: algunos videos cortos que muestran c\u00f3mo EILEEN fue aplicado y probado en todos los pa\u00edses socios.<\/li>\n<\/ul>\n<p><iframe loading=\"lazy\" title=\"EILEEN in Bulgaria\" width=\"474\" height=\"267\" src=\"https:\/\/www.youtube.com\/embed\/QwrqKutbJPs?feature=oembed\" frameborder=\"0\" allow=\"accelerometer; autoplay; clipboard-write; encrypted-media; gyroscope; picture-in-picture; web-share\" referrerpolicy=\"strict-origin-when-cross-origin\" allowfullscreen><\/iframe><\/p>\n<p><iframe loading=\"lazy\" title=\"EILEEN Learners in France\" width=\"474\" height=\"267\" src=\"https:\/\/www.youtube.com\/embed\/3Me6Is6VJHg?feature=oembed\" frameborder=\"0\" allow=\"accelerometer; autoplay; clipboard-write; encrypted-media; gyroscope; picture-in-picture; web-share\" referrerpolicy=\"strict-origin-when-cross-origin\" allowfullscreen><\/iframe><\/p>\n<p><iframe loading=\"lazy\" title=\"EILLEN enterprise and training in Greece\" width=\"474\" height=\"267\" src=\"https:\/\/www.youtube.com\/embed\/1QKJRl51HHg?feature=oembed\" frameborder=\"0\" allow=\"accelerometer; autoplay; clipboard-write; encrypted-media; gyroscope; picture-in-picture; web-share\" referrerpolicy=\"strict-origin-when-cross-origin\" allowfullscreen><\/iframe><\/p>\n<p><iframe loading=\"lazy\" title=\"EILEEN and WEE label in Greece\" width=\"474\" height=\"267\" src=\"https:\/\/www.youtube.com\/embed\/wZCTEpvjX5M?feature=oembed\" frameborder=\"0\" allow=\"accelerometer; autoplay; clipboard-write; encrypted-media; gyroscope; picture-in-picture; web-share\" referrerpolicy=\"strict-origin-when-cross-origin\" allowfullscreen><\/iframe><\/p>\n<p><iframe loading=\"lazy\" title=\"EILEEN Learner in Greece\" width=\"474\" height=\"356\" src=\"https:\/\/www.youtube.com\/embed\/amBUd6C1TU4?feature=oembed\" frameborder=\"0\" allow=\"accelerometer; autoplay; clipboard-write; encrypted-media; gyroscope; picture-in-picture; web-share\" referrerpolicy=\"strict-origin-when-cross-origin\" allowfullscreen><\/iframe><\/p>\n<ul>\n<li><strong>La etiqueta WEE &#8211; Una etiqueta europea de calidad para las empresas europeas<br \/>\n<\/strong><\/li>\n<\/ul>\n<p><a href=\"http:\/\/eileen-eu.org\/wp-content\/uploads\/2016\/06\/weelcome_blau_FINAL.png\"><img loading=\"lazy\" decoding=\"async\" class=\"wp-image-676 aligncenter\" src=\"http:\/\/eileen-eu.org\/wp-content\/uploads\/2016\/06\/weelcome_blau_FINAL-300x103.png\" alt=\"\" width=\"331\" height=\"114\" srcset=\"https:\/\/eileen-eu.org\/wp-content\/uploads\/2016\/06\/weelcome_blau_FINAL-300x103.png 300w, https:\/\/eileen-eu.org\/wp-content\/uploads\/2016\/06\/weelcome_blau_FINAL-768x264.png 768w, https:\/\/eileen-eu.org\/wp-content\/uploads\/2016\/06\/weelcome_blau_FINAL-1024x353.png 1024w\" sizes=\"auto, (max-width: 331px) 100vw, 331px\" \/><\/a><\/p>\n<p><a href=\"http:\/\/eileen-eu.org\/wee-label\/\"><strong>\u00bfC\u00f3mo aplicar?<\/strong><\/a><\/p>\n<p>Descargue el <a href=\"http:\/\/eileen-eu.org\/wp-content\/uploads\/2016\/06\/WEE_LABEL.pdf\"><strong>WEE LABEL <\/strong><strong>en un vistazo<\/strong><\/a> y <a href=\"http:\/\/eileen-eu.org\/wp-content\/uploads\/2014\/12\/WEE-Flyer.pdf\"><strong>el folleto de la etiqueta WEE.<\/strong><\/a><\/p>\n<p>&nbsp;<\/p>\n<p>&nbsp;<\/p>\n<div class=\"twoclick_social_bookmarks_post_850 social_share_privacy clearfix 1.6.4 locale-es_ES sprite-en_GB\"><\/div><div class=\"twoclick-js\"><script type=\"text\/javascript\">\/* <![CDATA[ *\/\njQuery(document).ready(function($){if($('.twoclick_social_bookmarks_post_850')){$('.twoclick_social_bookmarks_post_850').socialSharePrivacy({\"services\":{\"facebook\":{\"status\":\"on\",\"txt_info\":\"2 clicks for more privacy: Only after clicking the button it is activated and you can submit your recommendationsto Facebook. Once the button is activated, data is submitted to third parties. See <em>i<\\\/em>.\",\"perma_option\":\"off\",\"action\":\"recommend\",\"language\":\"en_GB\"},\"twitter\":{\"reply_to\":\"\",\"tweet_text\":\"TOOLBOX%20%C2%BB%20EILEEN%20Project\",\"status\":\"on\",\"txt_info\":\"2 clicks for more privacy: Only after clicking the button it is activated and you can submit your recommendations to Twitter. Once the button is activated, data is submitted to third parties. See <em>i<\\\/em>.\",\"perma_option\":\"off\",\"language\":\"en\",\"referrer_track\":\"\"},\"gplus\":{\"status\":\"on\",\"txt_info\":\"2 clicks for more privacy: Only after clicking the button it is activated and you can submit your recommendations to Google+. Once the button is activated, data is submitted to third parties. See <em>i<\\\/em>.\",\"perma_option\":\"off\",\"referrer_track\":\"\"}},\"txt_help\":\"When activating these fields by clicking, information is submitted to Facebook, Twitter, LinkedIn, Pinterest or Google possibly into foreign countries and maybe even stored there. Learn more by clicking the <em>i<\\\/em>.\",\"settings_perma\":\"Activate permanently and agree to data-transfer:\",\"info_link\":\"http:\\\/\\\/www.h-online.com\\\/features\\\/Two-clicks-for-more-privacy-1783256.html\",\"uri\":\"https:\\\/\\\/eileen-eu.org\\\/es\\\/e-learning\\\/\",\"post_id\":850,\"post_title_referrer_track\":\"TOOLBOX\",\"display_infobox\":\"on\"});}});\n\/* ]]> *\/<\/script><\/div>","protected":false},"excerpt":{"rendered":"<p>EILEEN ha creado un repositorio ricco de materiales para apoyar el aprendizaje intercultural y su validaci\u00f3n en empresas europeas \u2013\u00a0 la EILEEN TOOLBOX. La TOOLBOX consta de: Plataforma online con cursos para desarrollar de competencias interculturales y de tutor\u00eda y su validaci\u00f3n tanto para empresas como para pasantes. Haga clic aqu\u00ed para inscribirse en la &hellip; <a href=\"https:\/\/eileen-eu.org\/es\/e-learning\/\" class=\"more-link\">Seguir leyendo <span class=\"screen-reader-text\">TOOLBOX<\/span> <span class=\"meta-nav\">&rarr;<\/span><\/a><\/p>\n","protected":false},"author":6,"featured_media":0,"parent":0,"menu_order":0,"comment_status":"closed","ping_status":"closed","template":"","meta":{"_locale":"es_ES","_original_post":"652","footnotes":""},"class_list":["post-850","page","type-page","status-publish","hentry","es-ES"],"_links":{"self":[{"href":"https:\/\/eileen-eu.org\/wp-json\/wp\/v2\/pages\/850","targetHints":{"allow":["GET"]}}],"collection":[{"href":"https:\/\/eileen-eu.org\/wp-json\/wp\/v2\/pages"}],"about":[{"href":"https:\/\/eileen-eu.org\/wp-json\/wp\/v2\/types\/page"}],"author":[{"embeddable":true,"href":"https:\/\/eileen-eu.org\/wp-json\/wp\/v2\/users\/6"}],"replies":[{"embeddable":true,"href":"https:\/\/eileen-eu.org\/wp-json\/wp\/v2\/comments?post=850"}],"version-history":[{"count":2,"href":"https:\/\/eileen-eu.org\/wp-json\/wp\/v2\/pages\/850\/revisions"}],"predecessor-version":[{"id":852,"href":"https:\/\/eileen-eu.org\/wp-json\/wp\/v2\/pages\/850\/revisions\/852"}],"wp:attachment":[{"href":"https:\/\/eileen-eu.org\/wp-json\/wp\/v2\/media?parent=850"}],"curies":[{"name":"wp","href":"https:\/\/api.w.org\/{rel}","templated":true}]}}