{"id":225,"date":"2015-01-27T11:39:09","date_gmt":"2015-01-27T10:39:09","guid":{"rendered":"http:\/\/eileen-eu.org\/?page_id=225"},"modified":"2015-01-27T11:41:15","modified_gmt":"2015-01-27T10:41:15","slug":"about-eileen","status":"publish","type":"page","link":"https:\/\/eileen-eu.org\/fr\/about-eileen\/","title":{"rendered":"A propos d\u2018EILEEN"},"content":{"rendered":"<p>EILEEN un clin d&rsquo;\u0153il &#8230;<\/p>\n<p>EILEEN est l\u2019acronyme anglais de : \u00ab\u00a0Enhancing Intercultural Learning in European Enterprises\u00a0\u00bb ou \u00abPromotion de l\u2018apprentissage interculturel dans les entreprises europ\u00e9ennes\u00a0\u00bb<\/p>\n<p>Le projet vise \u00e0 d\u00e9velopper une approche globale incluant la participation des professionnels des entreprises d\u2019Europe et des jeunes demandeurs d\u2018emploi en formation en mobilit\u00e9- Ces deux groupes de b\u00e9n\u00e9ficiaires du projet seront form\u00e9s sur la mani\u00e8re de faire face \u00e0 la diversit\u00e9 culturelle en milieu professionnel.<\/p>\n<p>Par cette approche, Eileen a pour objectifs :<\/p>\n<ul>\n<li>la promotion des comp\u00e9tences interculturelles,<\/li>\n<li>la promotion d\u2019une culture d&rsquo;accueil dans les entreprises europ\u00e9ennes,<\/li>\n<li>la promotion de la mobilit\u00e9 europ\u00e9enne.<\/li>\n<\/ul>\n<p>&nbsp;<\/p>\n<p>&nbsp;<\/p>\n<p>&nbsp;<\/p>\n<div class=\"twoclick_social_bookmarks_post_225 social_share_privacy clearfix 1.6.4 locale-fr_FR sprite-en_GB\"><\/div><div class=\"twoclick-js\"><script type=\"text\/javascript\">\/* <![CDATA[ *\/\njQuery(document).ready(function($){if($('.twoclick_social_bookmarks_post_225')){$('.twoclick_social_bookmarks_post_225').socialSharePrivacy({\"services\":{\"facebook\":{\"status\":\"on\",\"txt_info\":\"2 clicks for more privacy: Only after clicking the button it is activated and you can submit your recommendationsto Facebook. Once the button is activated, data is submitted to third parties. See <em>i<\\\/em>.\",\"perma_option\":\"off\",\"action\":\"recommend\",\"language\":\"en_GB\"},\"twitter\":{\"reply_to\":\"\",\"tweet_text\":\"A%20propos%20d%E2%80%98EILEEN%20%C2%BB%20EILEEN%20Project\",\"status\":\"on\",\"txt_info\":\"2 clicks for more privacy: Only after clicking the button it is activated and you can submit your recommendations to Twitter. Once the button is activated, data is submitted to third parties. See <em>i<\\\/em>.\",\"perma_option\":\"off\",\"language\":\"en\",\"referrer_track\":\"\"},\"gplus\":{\"status\":\"on\",\"txt_info\":\"2 clicks for more privacy: Only after clicking the button it is activated and you can submit your recommendations to Google+. Once the button is activated, data is submitted to third parties. See <em>i<\\\/em>.\",\"perma_option\":\"off\",\"referrer_track\":\"\"}},\"txt_help\":\"When activating these fields by clicking, information is submitted to Facebook, Twitter, LinkedIn, Pinterest or Google possibly into foreign countries and maybe even stored there. Learn more by clicking the <em>i<\\\/em>.\",\"settings_perma\":\"Activate permanently and agree to data-transfer:\",\"info_link\":\"http:\\\/\\\/www.h-online.com\\\/features\\\/Two-clicks-for-more-privacy-1783256.html\",\"uri\":\"https:\\\/\\\/eileen-eu.org\\\/fr\\\/about-eileen\\\/\",\"post_id\":225,\"post_title_referrer_track\":\"A+propos+d%E2%80%98EILEEN\",\"display_infobox\":\"on\"});}});\n\/* ]]> *\/<\/script><\/div>","protected":false},"excerpt":{"rendered":"<p>EILEEN un clin d&rsquo;\u0153il &#8230; EILEEN est l\u2019acronyme anglais de : \u00ab\u00a0Enhancing Intercultural Learning in European Enterprises\u00a0\u00bb ou \u00abPromotion de l\u2018apprentissage interculturel dans les entreprises europ\u00e9ennes\u00a0\u00bb Le projet vise \u00e0 d\u00e9velopper une approche globale incluant la participation des professionnels des entreprises d\u2019Europe et des jeunes demandeurs d\u2018emploi en formation en mobilit\u00e9- Ces deux groupes de &hellip; <a href=\"https:\/\/eileen-eu.org\/fr\/about-eileen\/\" class=\"more-link\">Continuer la lecture de <span class=\"screen-reader-text\">A propos d\u2018EILEEN<\/span>  <span class=\"meta-nav\">&rarr;<\/span><\/a><\/p>\n","protected":false},"author":1,"featured_media":0,"parent":0,"menu_order":0,"comment_status":"closed","ping_status":"open","template":"","meta":{"_locale":"fr_FR","_original_post":"2","footnotes":""},"class_list":["post-225","page","type-page","status-publish","hentry","fr-FR"],"_links":{"self":[{"href":"https:\/\/eileen-eu.org\/wp-json\/wp\/v2\/pages\/225","targetHints":{"allow":["GET"]}}],"collection":[{"href":"https:\/\/eileen-eu.org\/wp-json\/wp\/v2\/pages"}],"about":[{"href":"https:\/\/eileen-eu.org\/wp-json\/wp\/v2\/types\/page"}],"author":[{"embeddable":true,"href":"https:\/\/eileen-eu.org\/wp-json\/wp\/v2\/users\/1"}],"replies":[{"embeddable":true,"href":"https:\/\/eileen-eu.org\/wp-json\/wp\/v2\/comments?post=225"}],"version-history":[{"count":3,"href":"https:\/\/eileen-eu.org\/wp-json\/wp\/v2\/pages\/225\/revisions"}],"predecessor-version":[{"id":232,"href":"https:\/\/eileen-eu.org\/wp-json\/wp\/v2\/pages\/225\/revisions\/232"}],"wp:attachment":[{"href":"https:\/\/eileen-eu.org\/wp-json\/wp\/v2\/media?parent=225"}],"curies":[{"name":"wp","href":"https:\/\/api.w.org\/{rel}","templated":true}]}}