{"id":233,"date":"2015-01-27T11:43:20","date_gmt":"2015-01-27T10:43:20","guid":{"rendered":"http:\/\/eileen-eu.org\/?page_id=233"},"modified":"2018-08-01T10:24:58","modified_gmt":"2018-08-01T09:24:58","slug":"activites","status":"publish","type":"page","link":"https:\/\/eileen-eu.org\/fr\/activites\/","title":{"rendered":"Activit\u00e9s"},"content":{"rendered":"<p>Les principales activit\u00e9s du projet EILEEN pr\u00e9vues entre septembre 2014 et ao\u00fbt 2016 sont :<\/p>\n<p><a href=\"https:\/\/eileen-eu.org\/wp-content\/uploads\/2014\/12\/Ausschnitt_IOS.png\"><img loading=\"lazy\" decoding=\"async\" class=\"aligncenter wp-image-33 size-large\" src=\"https:\/\/eileen-eu.org\/wp-content\/uploads\/2014\/12\/Ausschnitt_IOS-1024x544.png\" alt=\"Ausschnitt_IOS\" width=\"474\" height=\"252\" srcset=\"https:\/\/eileen-eu.org\/wp-content\/uploads\/2014\/12\/Ausschnitt_IOS-1024x544.png 1024w, https:\/\/eileen-eu.org\/wp-content\/uploads\/2014\/12\/Ausschnitt_IOS-300x159.png 300w\" sizes=\"auto, (max-width: 474px) 100vw, 474px\" \/><\/a><\/p>\n<ul>\n<li>l\u2019exploration des approches existantes en vue de l\u2019am\u00e9lioration et de la validation des comp\u00e9tences interculturellesdans les entreprises d\u2018Europe;<\/li>\n<li>une recherche sur les besoins sp\u00e9cifiques des entreprises qui accueillent des stagiaires ayant des r\u00e9f\u00e9rences culturelles diff\u00e9rentes;<\/li>\n<li>le d\u00e9veloppement du syst\u00e8me de validation EILEEN bas\u00e9 sur la m\u00e9thode\u00a0<a title=\"LEVEL5 videos\" href=\"http:\/\/www.reveal-eu.org\/\" target=\"_blank\">LEVEL5<\/a> d\u2019\u00e9valuation et de validation des comp\u00e9tences interculturelles et entrepreneuriales des stagiaires et de leurs tuteurs en entreprise;<\/li>\n<li>le d\u00e9veloppement de modules de formationsur des th\u00e8mesinterculturelspour les multiplicateursdes entrepriseseurop\u00e9ennes et la validation de ces modules avec les tuteurs int\u00e9ress\u00e9s lors d\u2019un module de formation europ\u00e9en;<\/li>\n<li>le d\u00e9veloppement de modules de formationpour les jeunesdemandeurs d\u2019emploi sur des th\u00e8mesinterculturels, afin de les pr\u00e9parer \u00e0unstage en mobilit\u00e9 europ\u00e9enne dans lesentreprisesparticipantes;<\/li>\n<li>l\u2019organisation de stages sous la forme de projets d\u2019apprentissage ouverts avec les multiplicateurs et les stagiaires dans les entreprises participantes.<\/li>\n<li>La validation du d\u00e9veloppement des comp\u00e9tences des entreprises d\u2019accueilet desstagiairesau moyen de la m\u00e9thode LEVEL5, syst\u00e8mede validation qui a d\u00e9j\u00e0 fait ses preuves;<\/li>\n<li>le d\u00e9veloppement et la promotion d\u2019un label europ\u00e9en\u00abEntreprise Europ\u00e9enne Accueillante\u00a0\u00bb en lien avec les crit\u00e8resde qualit\u00e9 d\u00e9finis.<\/li>\n<li>le lancement d&rsquo;un Prix Europ\u00e9en r\u00e9compensant les initiatives novatrices de promotion de l&rsquo;apprentissage interculturel dans les entreprises d\u2019Europe.<\/li>\n<\/ul>\n<div class=\"twoclick_social_bookmarks_post_233 social_share_privacy clearfix 1.6.4 locale-fr_FR sprite-en_GB\"><\/div><div class=\"twoclick-js\"><script type=\"text\/javascript\">\/* <![CDATA[ *\/\njQuery(document).ready(function($){if($('.twoclick_social_bookmarks_post_233')){$('.twoclick_social_bookmarks_post_233').socialSharePrivacy({\"services\":{\"facebook\":{\"status\":\"on\",\"txt_info\":\"2 clicks for more privacy: Only after clicking the button it is activated and you can submit your recommendationsto Facebook. Once the button is activated, data is submitted to third parties. See <em>i<\\\/em>.\",\"perma_option\":\"off\",\"action\":\"recommend\",\"language\":\"en_GB\"},\"twitter\":{\"reply_to\":\"\",\"tweet_text\":\"Activit%C3%A9s%20%C2%BB%20EILEEN%20Project\",\"status\":\"on\",\"txt_info\":\"2 clicks for more privacy: Only after clicking the button it is activated and you can submit your recommendations to Twitter. Once the button is activated, data is submitted to third parties. See <em>i<\\\/em>.\",\"perma_option\":\"off\",\"language\":\"en\",\"referrer_track\":\"\"},\"gplus\":{\"status\":\"on\",\"txt_info\":\"2 clicks for more privacy: Only after clicking the button it is activated and you can submit your recommendations to Google+. Once the button is activated, data is submitted to third parties. See <em>i<\\\/em>.\",\"perma_option\":\"off\",\"referrer_track\":\"\"}},\"txt_help\":\"When activating these fields by clicking, information is submitted to Facebook, Twitter, LinkedIn, Pinterest or Google possibly into foreign countries and maybe even stored there. Learn more by clicking the <em>i<\\\/em>.\",\"settings_perma\":\"Activate permanently and agree to data-transfer:\",\"info_link\":\"http:\\\/\\\/www.h-online.com\\\/features\\\/Two-clicks-for-more-privacy-1783256.html\",\"uri\":\"https:\\\/\\\/eileen-eu.org\\\/fr\\\/activites\\\/\",\"post_id\":233,\"post_title_referrer_track\":\"Activit%C3%A9s\",\"display_infobox\":\"on\"});}});\n\/* ]]> *\/<\/script><\/div>","protected":false},"excerpt":{"rendered":"<p>Les principales activit\u00e9s du projet EILEEN pr\u00e9vues entre septembre 2014 et ao\u00fbt 2016 sont : l\u2019exploration des approches existantes en vue de l\u2019am\u00e9lioration et de la validation des comp\u00e9tences interculturellesdans les entreprises d\u2018Europe; une recherche sur les besoins sp\u00e9cifiques des entreprises qui accueillent des stagiaires ayant des r\u00e9f\u00e9rences culturelles diff\u00e9rentes; le d\u00e9veloppement du syst\u00e8me de &hellip; <a href=\"https:\/\/eileen-eu.org\/fr\/activites\/\" class=\"more-link\">Continuer la lecture de <span class=\"screen-reader-text\">Activit\u00e9s<\/span>  <span class=\"meta-nav\">&rarr;<\/span><\/a><\/p>\n","protected":false},"author":1,"featured_media":0,"parent":0,"menu_order":0,"comment_status":"closed","ping_status":"open","template":"","meta":{"_locale":"fr_FR","_original_post":"39","footnotes":""},"class_list":["post-233","page","type-page","status-publish","hentry","fr-FR"],"_links":{"self":[{"href":"https:\/\/eileen-eu.org\/wp-json\/wp\/v2\/pages\/233","targetHints":{"allow":["GET"]}}],"collection":[{"href":"https:\/\/eileen-eu.org\/wp-json\/wp\/v2\/pages"}],"about":[{"href":"https:\/\/eileen-eu.org\/wp-json\/wp\/v2\/types\/page"}],"author":[{"embeddable":true,"href":"https:\/\/eileen-eu.org\/wp-json\/wp\/v2\/users\/1"}],"replies":[{"embeddable":true,"href":"https:\/\/eileen-eu.org\/wp-json\/wp\/v2\/comments?post=233"}],"version-history":[{"count":3,"href":"https:\/\/eileen-eu.org\/wp-json\/wp\/v2\/pages\/233\/revisions"}],"predecessor-version":[{"id":934,"href":"https:\/\/eileen-eu.org\/wp-json\/wp\/v2\/pages\/233\/revisions\/934"}],"wp:attachment":[{"href":"https:\/\/eileen-eu.org\/wp-json\/wp\/v2\/media?parent=233"}],"curies":[{"name":"wp","href":"https:\/\/api.w.org\/{rel}","templated":true}]}}