{"id":237,"date":"2015-01-27T11:45:21","date_gmt":"2015-01-27T10:45:21","guid":{"rendered":"http:\/\/eileen-eu.org\/?page_id=237"},"modified":"2018-08-01T10:26:34","modified_gmt":"2018-08-01T09:26:34","slug":"groupes-cibles","status":"publish","type":"page","link":"https:\/\/eileen-eu.org\/fr\/groupes-cibles\/","title":{"rendered":"Groupes cibles"},"content":{"rendered":"<p><a href=\"https:\/\/eileen-eu.org\/wp-content\/uploads\/2015\/01\/Ausschnitt_TG_EILEEN.png\"><img loading=\"lazy\" decoding=\"async\" class=\"  wp-image-43 alignright\" src=\"https:\/\/eileen-eu.org\/wp-content\/uploads\/2015\/01\/Ausschnitt_TG_EILEEN-300x114.png\" alt=\"Ausschnitt_TG_EILEEN\" width=\"232\" height=\"88\" srcset=\"https:\/\/eileen-eu.org\/wp-content\/uploads\/2015\/01\/Ausschnitt_TG_EILEEN-300x114.png 300w, https:\/\/eileen-eu.org\/wp-content\/uploads\/2015\/01\/Ausschnitt_TG_EILEEN.png 758w\" sizes=\"auto, (max-width: 232px) 100vw, 232px\" \/><\/a>EILEEN s\u2019adresse :<\/p>\n<p>&nbsp;<\/p>\n<ul>\n<li>aux publics en formation devant \u00eatre motiv\u00e9s et pr\u00e9par\u00e9s pour un stage \u00e0 l&rsquo;\u00e9tranger;<\/li>\n<li>aux responsables d\u2019entreprises d\u00e9sireux d&rsquo;accueillir un stagiaire \u00e9tranger;<\/li>\n<li>aux \u00e9valuateurs et praticiens de la validation;<\/li>\n<li>aux partenaires et institutions externes;<\/li>\n<li>\u00e0 la soci\u00e9t\u00e9 dans son ensemble.<\/li>\n<\/ul>\n<div class=\"twoclick_social_bookmarks_post_237 social_share_privacy clearfix 1.6.4 locale-fr_FR sprite-en_GB\"><\/div><div class=\"twoclick-js\"><script type=\"text\/javascript\">\/* <![CDATA[ *\/\njQuery(document).ready(function($){if($('.twoclick_social_bookmarks_post_237')){$('.twoclick_social_bookmarks_post_237').socialSharePrivacy({\"services\":{\"facebook\":{\"status\":\"on\",\"txt_info\":\"2 clicks for more privacy: Only after clicking the button it is activated and you can submit your recommendationsto Facebook. Once the button is activated, data is submitted to third parties. See <em>i<\\\/em>.\",\"perma_option\":\"off\",\"action\":\"recommend\",\"language\":\"en_GB\"},\"twitter\":{\"reply_to\":\"\",\"tweet_text\":\"Groupes%20cibles%20%C2%BB%20EILEEN%20Project\",\"status\":\"on\",\"txt_info\":\"2 clicks for more privacy: Only after clicking the button it is activated and you can submit your recommendations to Twitter. Once the button is activated, data is submitted to third parties. See <em>i<\\\/em>.\",\"perma_option\":\"off\",\"language\":\"en\",\"referrer_track\":\"\"},\"gplus\":{\"status\":\"on\",\"txt_info\":\"2 clicks for more privacy: Only after clicking the button it is activated and you can submit your recommendations to Google+. Once the button is activated, data is submitted to third parties. See <em>i<\\\/em>.\",\"perma_option\":\"off\",\"referrer_track\":\"\"}},\"txt_help\":\"When activating these fields by clicking, information is submitted to Facebook, Twitter, LinkedIn, Pinterest or Google possibly into foreign countries and maybe even stored there. Learn more by clicking the <em>i<\\\/em>.\",\"settings_perma\":\"Activate permanently and agree to data-transfer:\",\"info_link\":\"http:\\\/\\\/www.h-online.com\\\/features\\\/Two-clicks-for-more-privacy-1783256.html\",\"uri\":\"https:\\\/\\\/eileen-eu.org\\\/fr\\\/groupes-cibles\\\/\",\"post_id\":237,\"post_title_referrer_track\":\"Groupes+cibles\",\"display_infobox\":\"on\"});}});\n\/* ]]> *\/<\/script><\/div>","protected":false},"excerpt":{"rendered":"<p>EILEEN s\u2019adresse : &nbsp; aux publics en formation devant \u00eatre motiv\u00e9s et pr\u00e9par\u00e9s pour un stage \u00e0 l&rsquo;\u00e9tranger; aux responsables d\u2019entreprises d\u00e9sireux d&rsquo;accueillir un stagiaire \u00e9tranger; aux \u00e9valuateurs et praticiens de la validation; aux partenaires et institutions externes; \u00e0 la soci\u00e9t\u00e9 dans son ensemble.<\/p>\n","protected":false},"author":1,"featured_media":0,"parent":0,"menu_order":0,"comment_status":"closed","ping_status":"open","template":"","meta":{"_locale":"fr_FR","_original_post":"41","footnotes":""},"class_list":["post-237","page","type-page","status-publish","hentry","fr-FR"],"_links":{"self":[{"href":"https:\/\/eileen-eu.org\/wp-json\/wp\/v2\/pages\/237","targetHints":{"allow":["GET"]}}],"collection":[{"href":"https:\/\/eileen-eu.org\/wp-json\/wp\/v2\/pages"}],"about":[{"href":"https:\/\/eileen-eu.org\/wp-json\/wp\/v2\/types\/page"}],"author":[{"embeddable":true,"href":"https:\/\/eileen-eu.org\/wp-json\/wp\/v2\/users\/1"}],"replies":[{"embeddable":true,"href":"https:\/\/eileen-eu.org\/wp-json\/wp\/v2\/comments?post=237"}],"version-history":[{"count":2,"href":"https:\/\/eileen-eu.org\/wp-json\/wp\/v2\/pages\/237\/revisions"}],"predecessor-version":[{"id":943,"href":"https:\/\/eileen-eu.org\/wp-json\/wp\/v2\/pages\/237\/revisions\/943"}],"wp:attachment":[{"href":"https:\/\/eileen-eu.org\/wp-json\/wp\/v2\/media?parent=237"}],"curies":[{"name":"wp","href":"https:\/\/api.w.org\/{rel}","templated":true}]}}