{"id":240,"date":"2015-01-27T11:47:39","date_gmt":"2015-01-27T10:47:39","guid":{"rendered":"http:\/\/eileen-eu.org\/?page_id=240"},"modified":"2018-08-01T10:28:35","modified_gmt":"2018-08-01T09:28:35","slug":"validation","status":"publish","type":"page","link":"https:\/\/eileen-eu.org\/fr\/validation\/","title":{"rendered":"Validation"},"content":{"rendered":"<p><a href=\"https:\/\/www.reveal-eu.org\/\" target=\"_blank\"><img loading=\"lazy\" decoding=\"async\" class=\" size-medium wp-image-139 aligncenter\" src=\"https:\/\/eileen-eu.org\/wp-content\/uploads\/2015\/01\/4_cubes-300x84.jpg\" alt=\"4_cubes\" width=\"300\" height=\"84\" srcset=\"https:\/\/eileen-eu.org\/wp-content\/uploads\/2015\/01\/4_cubes-300x84.jpg 300w, https:\/\/eileen-eu.org\/wp-content\/uploads\/2015\/01\/4_cubes.jpg 896w\" sizes=\"auto, (max-width: 300px) 100vw, 300px\" \/><\/a>EILEEN fait appel au syst\u00e8me LEVEL5, sp\u00e9cifiquement con\u00e7u pour \u00e9valuer l&rsquo;\u00e9volution des comp\u00e9tences personnelles, sociales et organisationnelles acquises dans des contextes d&rsquo;apprentissage principalement non-formels et informels. LEVEL 5 est bas\u00e9 sur une approche tridimensionnelle et valide les r\u00e9sultats de l\u2019apprentissage aux niveaux cognitif, de l\u2019activit\u00e9 et affectifs \u2013 afin de g\u00e9n\u00e9rer le cube LEVEL5.<\/p>\n<p>LEVEL5 est un processus d&rsquo;apprentissage holistique au service de l&rsquo;apprenant, des organismes de formation et des entreprises d\u2019accueil.<\/p>\n<p><strong>Quand et comment LEVEL5<\/strong><strong> sera-t-il utilis\u00e9 ?<\/strong><\/p>\n<p>Apr\u00e8s une formation pr\u00e9paratoire destin\u00e9e aux stagiaires et un module europ\u00e9en de formation pour les tuteurs des entreprises d\u2019accueil, les stagiaires b\u00e9n\u00e9ficiaires partiront en mobilit\u00e9 europ\u00e9enne. Ils seront re\u00e7us dans des entreprises d\u2019accueil participant au projet.<\/p>\n<p>Les comp\u00e9tences (interculturelles, entrepreneuriales et de mentorat) acquises par les deux groupes-cibles au cours de la formation et de la mobilit\u00e9 seront valid\u00e9es et document\u00e9es par la m\u00e9thodologie innovante LEVEL5, d\u00e9velopp\u00e9e par le r\u00e9seau <a href=\"http:\/\/www.reveal-eu.org\/\" target=\"_blank\">REVEAL<\/a> dont la mission est la promotion, la mise en \u00e9vidence et la validation de l\u2019apprentissage informel et non formel.<\/p>\n<div class=\"twoclick_social_bookmarks_post_240 social_share_privacy clearfix 1.6.4 locale-fr_FR sprite-en_GB\"><\/div><div class=\"twoclick-js\"><script type=\"text\/javascript\">\/* <![CDATA[ *\/\njQuery(document).ready(function($){if($('.twoclick_social_bookmarks_post_240')){$('.twoclick_social_bookmarks_post_240').socialSharePrivacy({\"services\":{\"facebook\":{\"status\":\"on\",\"txt_info\":\"2 clicks for more privacy: Only after clicking the button it is activated and you can submit your recommendationsto Facebook. Once the button is activated, data is submitted to third parties. See <em>i<\\\/em>.\",\"perma_option\":\"off\",\"action\":\"recommend\",\"language\":\"en_GB\"},\"twitter\":{\"reply_to\":\"\",\"tweet_text\":\"Validation%20%C2%BB%20EILEEN%20Project\",\"status\":\"on\",\"txt_info\":\"2 clicks for more privacy: Only after clicking the button it is activated and you can submit your recommendations to Twitter. Once the button is activated, data is submitted to third parties. See <em>i<\\\/em>.\",\"perma_option\":\"off\",\"language\":\"en\",\"referrer_track\":\"\"},\"gplus\":{\"status\":\"on\",\"txt_info\":\"2 clicks for more privacy: Only after clicking the button it is activated and you can submit your recommendations to Google+. Once the button is activated, data is submitted to third parties. See <em>i<\\\/em>.\",\"perma_option\":\"off\",\"referrer_track\":\"\"}},\"txt_help\":\"When activating these fields by clicking, information is submitted to Facebook, Twitter, LinkedIn, Pinterest or Google possibly into foreign countries and maybe even stored there. Learn more by clicking the <em>i<\\\/em>.\",\"settings_perma\":\"Activate permanently and agree to data-transfer:\",\"info_link\":\"http:\\\/\\\/www.h-online.com\\\/features\\\/Two-clicks-for-more-privacy-1783256.html\",\"uri\":\"https:\\\/\\\/eileen-eu.org\\\/fr\\\/validation\\\/\",\"post_id\":240,\"post_title_referrer_track\":\"Validation\",\"display_infobox\":\"on\"});}});\n\/* ]]> *\/<\/script><\/div>","protected":false},"excerpt":{"rendered":"<p>EILEEN fait appel au syst\u00e8me LEVEL5, sp\u00e9cifiquement con\u00e7u pour \u00e9valuer l&rsquo;\u00e9volution des comp\u00e9tences personnelles, sociales et organisationnelles acquises dans des contextes d&rsquo;apprentissage principalement non-formels et informels. LEVEL 5 est bas\u00e9 sur une approche tridimensionnelle et valide les r\u00e9sultats de l\u2019apprentissage aux niveaux cognitif, de l\u2019activit\u00e9 et affectifs \u2013 afin de g\u00e9n\u00e9rer le cube LEVEL5. LEVEL5 &hellip; <a href=\"https:\/\/eileen-eu.org\/fr\/validation\/\" class=\"more-link\">Continuer la lecture de <span class=\"screen-reader-text\">Validation<\/span>  <span class=\"meta-nav\">&rarr;<\/span><\/a><\/p>\n","protected":false},"author":1,"featured_media":0,"parent":0,"menu_order":0,"comment_status":"closed","ping_status":"open","template":"","meta":{"_locale":"fr_FR","_original_post":"138","footnotes":""},"class_list":["post-240","page","type-page","status-publish","hentry","fr-FR"],"_links":{"self":[{"href":"https:\/\/eileen-eu.org\/wp-json\/wp\/v2\/pages\/240","targetHints":{"allow":["GET"]}}],"collection":[{"href":"https:\/\/eileen-eu.org\/wp-json\/wp\/v2\/pages"}],"about":[{"href":"https:\/\/eileen-eu.org\/wp-json\/wp\/v2\/types\/page"}],"author":[{"embeddable":true,"href":"https:\/\/eileen-eu.org\/wp-json\/wp\/v2\/users\/1"}],"replies":[{"embeddable":true,"href":"https:\/\/eileen-eu.org\/wp-json\/wp\/v2\/comments?post=240"}],"version-history":[{"count":2,"href":"https:\/\/eileen-eu.org\/wp-json\/wp\/v2\/pages\/240\/revisions"}],"predecessor-version":[{"id":953,"href":"https:\/\/eileen-eu.org\/wp-json\/wp\/v2\/pages\/240\/revisions\/953"}],"wp:attachment":[{"href":"https:\/\/eileen-eu.org\/wp-json\/wp\/v2\/media?parent=240"}],"curies":[{"name":"wp","href":"https:\/\/api.w.org\/{rel}","templated":true}]}}