{"id":841,"date":"2016-06-20T11:27:53","date_gmt":"2016-06-20T10:27:53","guid":{"rendered":"http:\/\/eileen-eu.org\/?page_id=841"},"modified":"2016-12-20T11:28:32","modified_gmt":"2016-12-20T10:28:32","slug":"e-learning","status":"publish","type":"page","link":"https:\/\/eileen-eu.org\/fr\/e-learning\/","title":{"rendered":"TOOLBOX"},"content":{"rendered":"<p>EILEEN a cr\u00e9\u00e9 un r\u00e9f\u00e9rentiel riche de mat\u00e9riels pour soutenir l&rsquo;apprentissage interculturel et sa validation dans les entreprises europ\u00e9ennes \u2013 <strong>EILEEN TOOLBOX.<\/strong><\/p>\n<p>La <strong>TOOLBOX<\/strong> se compose de:<\/p>\n<ul>\n<li>Une <strong>plateforme en ligne<\/strong> avec des cours d\u2019apprentissage qui ont pour but d\u2019am\u00e9liorer les comp\u00e9tences interculturelles et de mentorat et leur validation tant pour les entreprises que pour les stagiaires.<br \/>\nCliquez <a href=\"http:\/\/learning.vita-eu.org\/\">ici<\/a> pour vous inscrire \u00e0 la plateforme EILEEN.<\/li>\n<\/ul>\n<p><a href=\"http:\/\/eileen-eu.org\/wp-content\/uploads\/2016\/04\/Platform.png\"><img loading=\"lazy\" decoding=\"async\" class=\"size-medium wp-image-829 aligncenter\" src=\"http:\/\/eileen-eu.org\/wp-content\/uploads\/2016\/04\/Platform-300x173.png\" alt=\"\" width=\"300\" height=\"173\" srcset=\"https:\/\/eileen-eu.org\/wp-content\/uploads\/2016\/04\/Platform-300x173.png 300w, https:\/\/eileen-eu.org\/wp-content\/uploads\/2016\/04\/Platform-768x442.png 768w, https:\/\/eileen-eu.org\/wp-content\/uploads\/2016\/04\/Platform-1024x589.png 1024w, https:\/\/eileen-eu.org\/wp-content\/uploads\/2016\/04\/Platform.png 1072w\" sizes=\"auto, (max-width: 300px) 100vw, 300px\" \/><\/a><\/p>\n<ul>\n<li><strong>Recommandations pour la mise en \u0153uvre de l\u2019approche<\/strong> EILEEN visant \u00e0 d\u00e9velopper les comp\u00e9tences interculturelles dans un environnement d&rsquo;entreprise en temps r\u00e9el lors de stages \u00e0 l&rsquo;\u00e9tranger et \u00e0 valider les comp\u00e9tences acquises.<br \/>\nT\u00e9l\u00e9chargez le document en cliquant sur <a href=\"http:\/\/eileen-eu.org\/wp-content\/uploads\/2014\/12\/Acting_Recommendations_FR.pdf\">ce lien.<\/a><\/li>\n<\/ul>\n<ul>\n<li><strong>Exemples de bonnes pratiques<\/strong>: quelques courtes vid\u00e9os montrant comment l\u2019approche EILEEN a \u00e9t\u00e9 appliqu\u00e9e dans les pays partenaires.<\/li>\n<\/ul>\n<p><iframe loading=\"lazy\" title=\"EILEEN in Bulgaria\" width=\"474\" height=\"267\" src=\"https:\/\/www.youtube.com\/embed\/QwrqKutbJPs?feature=oembed\" frameborder=\"0\" allow=\"accelerometer; autoplay; clipboard-write; encrypted-media; gyroscope; picture-in-picture; web-share\" referrerpolicy=\"strict-origin-when-cross-origin\" allowfullscreen><\/iframe><\/p>\n<p><iframe loading=\"lazy\" title=\"EILEEN Learners in France\" width=\"474\" height=\"267\" src=\"https:\/\/www.youtube.com\/embed\/3Me6Is6VJHg?feature=oembed\" frameborder=\"0\" allow=\"accelerometer; autoplay; clipboard-write; encrypted-media; gyroscope; picture-in-picture; web-share\" referrerpolicy=\"strict-origin-when-cross-origin\" allowfullscreen><\/iframe><\/p>\n<p><iframe loading=\"lazy\" title=\"EILLEN enterprise and training in Greece\" width=\"474\" height=\"267\" src=\"https:\/\/www.youtube.com\/embed\/1QKJRl51HHg?feature=oembed\" frameborder=\"0\" allow=\"accelerometer; autoplay; clipboard-write; encrypted-media; gyroscope; picture-in-picture; web-share\" referrerpolicy=\"strict-origin-when-cross-origin\" allowfullscreen><\/iframe><\/p>\n<p><iframe loading=\"lazy\" title=\"EILEEN and WEE label in Greece\" width=\"474\" height=\"267\" src=\"https:\/\/www.youtube.com\/embed\/wZCTEpvjX5M?feature=oembed\" frameborder=\"0\" allow=\"accelerometer; autoplay; clipboard-write; encrypted-media; gyroscope; picture-in-picture; web-share\" referrerpolicy=\"strict-origin-when-cross-origin\" allowfullscreen><\/iframe><\/p>\n<p><iframe loading=\"lazy\" title=\"EILEEN Learner in Greece\" width=\"474\" height=\"356\" src=\"https:\/\/www.youtube.com\/embed\/amBUd6C1TU4?feature=oembed\" frameborder=\"0\" allow=\"accelerometer; autoplay; clipboard-write; encrypted-media; gyroscope; picture-in-picture; web-share\" referrerpolicy=\"strict-origin-when-cross-origin\" allowfullscreen><\/iframe><\/p>\n<ul>\n<li><strong>Le label WEE &#8211; Label europ\u00e9en de qualit\u00e9 pour les entreprises europ\u00e9ennes<br \/>\n<\/strong><\/li>\n<\/ul>\n<p><a href=\"http:\/\/eileen-eu.org\/wp-content\/uploads\/2016\/06\/weelcome_blau_FINAL.png\"><img loading=\"lazy\" decoding=\"async\" class=\"wp-image-676 aligncenter\" src=\"http:\/\/eileen-eu.org\/wp-content\/uploads\/2016\/06\/weelcome_blau_FINAL-300x103.png\" alt=\"\" width=\"331\" height=\"114\" srcset=\"https:\/\/eileen-eu.org\/wp-content\/uploads\/2016\/06\/weelcome_blau_FINAL-300x103.png 300w, https:\/\/eileen-eu.org\/wp-content\/uploads\/2016\/06\/weelcome_blau_FINAL-768x264.png 768w, https:\/\/eileen-eu.org\/wp-content\/uploads\/2016\/06\/weelcome_blau_FINAL-1024x353.png 1024w\" sizes=\"auto, (max-width: 331px) 100vw, 331px\" \/><\/a><\/p>\n<p style=\"text-align: left;\"><a href=\"http:\/\/eileen-eu.org\/wee-label\/\"><strong>Comment appliquer?<\/strong><\/a><\/p>\n<p>T\u00e9l\u00e9chargez le <a href=\"http:\/\/eileen-eu.org\/wp-content\/uploads\/2016\/06\/WEE_LABEL.pdf\">WEE LABEL<\/a> en bref et le <a href=\"http:\/\/eileen-eu.org\/wp-content\/uploads\/2014\/12\/WEE-Flyer.pdf\">d\u00e9pliant WEE.<\/a><\/p>\n<div class=\"twoclick_social_bookmarks_post_841 social_share_privacy clearfix 1.6.4 locale-fr_FR sprite-en_GB\"><\/div><div class=\"twoclick-js\"><script type=\"text\/javascript\">\/* <![CDATA[ *\/\njQuery(document).ready(function($){if($('.twoclick_social_bookmarks_post_841')){$('.twoclick_social_bookmarks_post_841').socialSharePrivacy({\"services\":{\"facebook\":{\"status\":\"on\",\"txt_info\":\"2 clicks for more privacy: Only after clicking the button it is activated and you can submit your recommendationsto Facebook. Once the button is activated, data is submitted to third parties. See <em>i<\\\/em>.\",\"perma_option\":\"off\",\"action\":\"recommend\",\"language\":\"en_GB\"},\"twitter\":{\"reply_to\":\"\",\"tweet_text\":\"TOOLBOX%20%C2%BB%20EILEEN%20Project\",\"status\":\"on\",\"txt_info\":\"2 clicks for more privacy: Only after clicking the button it is activated and you can submit your recommendations to Twitter. Once the button is activated, data is submitted to third parties. See <em>i<\\\/em>.\",\"perma_option\":\"off\",\"language\":\"en\",\"referrer_track\":\"\"},\"gplus\":{\"status\":\"on\",\"txt_info\":\"2 clicks for more privacy: Only after clicking the button it is activated and you can submit your recommendations to Google+. Once the button is activated, data is submitted to third parties. See <em>i<\\\/em>.\",\"perma_option\":\"off\",\"referrer_track\":\"\"}},\"txt_help\":\"When activating these fields by clicking, information is submitted to Facebook, Twitter, LinkedIn, Pinterest or Google possibly into foreign countries and maybe even stored there. Learn more by clicking the <em>i<\\\/em>.\",\"settings_perma\":\"Activate permanently and agree to data-transfer:\",\"info_link\":\"http:\\\/\\\/www.h-online.com\\\/features\\\/Two-clicks-for-more-privacy-1783256.html\",\"uri\":\"https:\\\/\\\/eileen-eu.org\\\/fr\\\/e-learning\\\/\",\"post_id\":841,\"post_title_referrer_track\":\"TOOLBOX\",\"display_infobox\":\"on\"});}});\n\/* ]]> *\/<\/script><\/div>","protected":false},"excerpt":{"rendered":"<p>EILEEN a cr\u00e9\u00e9 un r\u00e9f\u00e9rentiel riche de mat\u00e9riels pour soutenir l&rsquo;apprentissage interculturel et sa validation dans les entreprises europ\u00e9ennes \u2013 EILEEN TOOLBOX. La TOOLBOX se compose de: Une plateforme en ligne avec des cours d\u2019apprentissage qui ont pour but d\u2019am\u00e9liorer les comp\u00e9tences interculturelles et de mentorat et leur validation tant pour les entreprises que pour &hellip; <a href=\"https:\/\/eileen-eu.org\/fr\/e-learning\/\" class=\"more-link\">Continuer la lecture de <span class=\"screen-reader-text\">TOOLBOX<\/span>  <span class=\"meta-nav\">&rarr;<\/span><\/a><\/p>\n","protected":false},"author":6,"featured_media":0,"parent":0,"menu_order":0,"comment_status":"closed","ping_status":"closed","template":"","meta":{"_locale":"fr_FR","_original_post":"652","footnotes":""},"class_list":["post-841","page","type-page","status-publish","hentry","fr-FR"],"_links":{"self":[{"href":"https:\/\/eileen-eu.org\/wp-json\/wp\/v2\/pages\/841","targetHints":{"allow":["GET"]}}],"collection":[{"href":"https:\/\/eileen-eu.org\/wp-json\/wp\/v2\/pages"}],"about":[{"href":"https:\/\/eileen-eu.org\/wp-json\/wp\/v2\/types\/page"}],"author":[{"embeddable":true,"href":"https:\/\/eileen-eu.org\/wp-json\/wp\/v2\/users\/6"}],"replies":[{"embeddable":true,"href":"https:\/\/eileen-eu.org\/wp-json\/wp\/v2\/comments?post=841"}],"version-history":[{"count":2,"href":"https:\/\/eileen-eu.org\/wp-json\/wp\/v2\/pages\/841\/revisions"}],"predecessor-version":[{"id":843,"href":"https:\/\/eileen-eu.org\/wp-json\/wp\/v2\/pages\/841\/revisions\/843"}],"wp:attachment":[{"href":"https:\/\/eileen-eu.org\/wp-json\/wp\/v2\/media?parent=841"}],"curies":[{"name":"wp","href":"https:\/\/api.w.org\/{rel}","templated":true}]}}