{"id":259,"date":"2015-01-27T11:52:12","date_gmt":"2015-01-27T10:52:12","guid":{"rendered":"http:\/\/eileen-eu.org\/?page_id=259"},"modified":"2018-08-01T10:54:17","modified_gmt":"2018-08-01T09:54:17","slug":"cece","status":"publish","type":"page","link":"https:\/\/eileen-eu.org\/it\/cece\/","title":{"rendered":"CECE"},"content":{"rendered":"<p><a href=\"https:\/\/eileen-eu.org\/wp-content\/uploads\/2015\/01\/logo_cece_small.jpg\"><img loading=\"lazy\" decoding=\"async\" class=\"alignnone  wp-image-104\" src=\"https:\/\/eileen-eu.org\/wp-content\/uploads\/2015\/01\/logo_cece_small-300x300.jpg\" alt=\"logo_cece_small\" width=\"137\" height=\"137\" srcset=\"https:\/\/eileen-eu.org\/wp-content\/uploads\/2015\/01\/logo_cece_small-300x300.jpg 300w, https:\/\/eileen-eu.org\/wp-content\/uploads\/2015\/01\/logo_cece_small-150x150.jpg 150w, https:\/\/eileen-eu.org\/wp-content\/uploads\/2015\/01\/logo_cece_small.jpg 336w\" sizes=\"auto, (max-width: 137px) 100vw, 137px\" \/><\/a><\/p>\n<p><strong>Contatti<\/strong><a href=\"https:\/\/eileen-eu.org\/wp-content\/uploads\/2015\/01\/Gonzalo_Portrait_2_small.jpg\"><img loading=\"lazy\" decoding=\"async\" class=\"  wp-image-86 alignright\" src=\"https:\/\/eileen-eu.org\/wp-content\/uploads\/2015\/01\/Gonzalo_Portrait_2_small-248x300.jpg\" alt=\"OLYMPUS DIGITAL CAMERA\" width=\"100\" height=\"121\" srcset=\"https:\/\/eileen-eu.org\/wp-content\/uploads\/2015\/01\/Gonzalo_Portrait_2_small-248x300.jpg 248w, https:\/\/eileen-eu.org\/wp-content\/uploads\/2015\/01\/Gonzalo_Portrait_2_small.jpg 800w\" sizes=\"auto, (max-width: 100px) 100vw, 100px\" \/><\/a><\/p>\n<p>Gonzalo Santamaria<br \/>\ngonzalo.santamaria@cece.es<\/p>\n<p>Confederaci\u00f3n Espa\u00f1ola de Centros de Ense\u00f1anza<br \/>\nMarqu\u00e9s de Mond\u00e9jar, 29-31,<br \/>\n1\u00aa planta<br \/>\n28028 Madrid<br \/>\nSpain<\/p>\n<p><a href=\"www.cece.es\" target=\"_blank\">www.cece.es<\/a><\/p>\n<div class=\"twoclick_social_bookmarks_post_259 social_share_privacy clearfix 1.6.4 locale-it_IT sprite-en_GB\"><\/div><div class=\"twoclick-js\"><script type=\"text\/javascript\">\/* <![CDATA[ *\/\njQuery(document).ready(function($){if($('.twoclick_social_bookmarks_post_259')){$('.twoclick_social_bookmarks_post_259').socialSharePrivacy({\"services\":{\"facebook\":{\"status\":\"on\",\"txt_info\":\"2 clicks for more privacy: Only after clicking the button it is activated and you can submit your recommendationsto Facebook. Once the button is activated, data is submitted to third parties. See <em>i<\\\/em>.\",\"perma_option\":\"off\",\"action\":\"recommend\",\"language\":\"en_GB\"},\"twitter\":{\"reply_to\":\"\",\"tweet_text\":\"CECE%20%C2%BB%20EILEEN%20Project\",\"status\":\"on\",\"txt_info\":\"2 clicks for more privacy: Only after clicking the button it is activated and you can submit your recommendations to Twitter. Once the button is activated, data is submitted to third parties. See <em>i<\\\/em>.\",\"perma_option\":\"off\",\"language\":\"en\",\"referrer_track\":\"\"},\"gplus\":{\"status\":\"on\",\"txt_info\":\"2 clicks for more privacy: Only after clicking the button it is activated and you can submit your recommendations to Google+. Once the button is activated, data is submitted to third parties. See <em>i<\\\/em>.\",\"perma_option\":\"off\",\"referrer_track\":\"\"}},\"txt_help\":\"When activating these fields by clicking, information is submitted to Facebook, Twitter, LinkedIn, Pinterest or Google possibly into foreign countries and maybe even stored there. Learn more by clicking the <em>i<\\\/em>.\",\"settings_perma\":\"Activate permanently and agree to data-transfer:\",\"info_link\":\"http:\\\/\\\/www.h-online.com\\\/features\\\/Two-clicks-for-more-privacy-1783256.html\",\"uri\":\"https:\\\/\\\/eileen-eu.org\\\/it\\\/cece\\\/\",\"post_id\":259,\"post_title_referrer_track\":\"CECE\",\"display_infobox\":\"on\"});}});\n\/* ]]> *\/<\/script><\/div>","protected":false},"excerpt":{"rendered":"<p>Contatti Gonzalo Santamaria gonzalo.santamaria@cece.es Confederaci\u00f3n Espa\u00f1ola de Centros de Ense\u00f1anza Marqu\u00e9s de Mond\u00e9jar, 29-31, 1\u00aa planta 28028 Madrid Spain www.cece.es<\/p>\n","protected":false},"author":1,"featured_media":0,"parent":0,"menu_order":0,"comment_status":"closed","ping_status":"open","template":"","meta":{"_locale":"it_IT","_original_post":"101","footnotes":""},"class_list":["post-259","page","type-page","status-publish","hentry","it-IT"],"_links":{"self":[{"href":"https:\/\/eileen-eu.org\/wp-json\/wp\/v2\/pages\/259","targetHints":{"allow":["GET"]}}],"collection":[{"href":"https:\/\/eileen-eu.org\/wp-json\/wp\/v2\/pages"}],"about":[{"href":"https:\/\/eileen-eu.org\/wp-json\/wp\/v2\/types\/page"}],"author":[{"embeddable":true,"href":"https:\/\/eileen-eu.org\/wp-json\/wp\/v2\/users\/1"}],"replies":[{"embeddable":true,"href":"https:\/\/eileen-eu.org\/wp-json\/wp\/v2\/comments?post=259"}],"version-history":[{"count":2,"href":"https:\/\/eileen-eu.org\/wp-json\/wp\/v2\/pages\/259\/revisions"}],"predecessor-version":[{"id":981,"href":"https:\/\/eileen-eu.org\/wp-json\/wp\/v2\/pages\/259\/revisions\/981"}],"wp:attachment":[{"href":"https:\/\/eileen-eu.org\/wp-json\/wp\/v2\/media?parent=259"}],"curies":[{"name":"wp","href":"https:\/\/api.w.org\/{rel}","templated":true}]}}