{"id":475,"date":"2015-03-03T15:40:59","date_gmt":"2015-03-03T14:40:59","guid":{"rendered":"http:\/\/eileen-eu.org\/?page_id=475"},"modified":"2018-08-01T10:24:20","modified_gmt":"2018-08-01T09:24:20","slug":"atividades","status":"publish","type":"page","link":"https:\/\/eileen-eu.org\/pt\/atividades\/","title":{"rendered":"Atividades"},"content":{"rendered":"<p>As principais atividades do projeto EILEEN, a desenvolver entre setembro de 2014 e agosto de 2016, ser\u00e3o as seguintes:<\/p>\n<p><a href=\"https:\/\/eileen-eu.org\/wp-content\/uploads\/2014\/12\/Ausschnitt_IOS.png\"><img loading=\"lazy\" decoding=\"async\" class=\"aligncenter wp-image-33 size-large\" src=\"https:\/\/eileen-eu.org\/wp-content\/uploads\/2014\/12\/Ausschnitt_IOS-1024x544.png\" alt=\"Ausschnitt_IOS\" width=\"474\" height=\"252\" srcset=\"https:\/\/eileen-eu.org\/wp-content\/uploads\/2014\/12\/Ausschnitt_IOS-1024x544.png 1024w, https:\/\/eileen-eu.org\/wp-content\/uploads\/2014\/12\/Ausschnitt_IOS-300x159.png 300w\" sizes=\"auto, (max-width: 474px) 100vw, 474px\" \/><\/a><\/p>\n<ul>\n<li>Explora\u00e7\u00e3o de abordagens existentes que visam melhorar e validar as compet\u00eancias interculturais nas empresas europeias;<\/li>\n<li>Levantamento das necessidades espec\u00edficas das empresas que acolhem colaboradores com caracteristicas culturais diferentes;<\/li>\n<li>Desenvolvimento do sistema de valida\u00e7\u00e3o EILEEN baseado no j\u00e1 comprovado <a title=\"LEVEL5 videos\" href=\"http:\/\/www.reveal-eu.org\/\" target=\"_blank\">NIVEL5 <\/a> dirigido \u00e0 avalia\u00e7\u00e3o e valida\u00e7\u00e3o das compet\u00eancias interculturais e empresariais dos jovens, bem como das empresas que os acolhem;<\/li>\n<li>Desenvolvimento de m\u00f3dulos de forma\u00e7\u00e3o sobre temas interculturais destinados a atores de refer\u00eancia das empresas europeias e valida\u00e7\u00e3o dos mesmos junto dos empres\u00e1rios europeus interessados num curso de forma\u00e7\u00e3o Europeu;<\/li>\n<li>Desenvolvimento de m\u00f3dulos de forma\u00e7\u00e3o destinados a jovens (desempregados) sobre temas interculturais com o objetivo de os preparar para a participa\u00e7\u00e3o num est\u00e1gio europeu numa das empresas participantes;<\/li>\n<li>Organiza\u00e7\u00e3o de est\u00e1gios como projetos de aprendizagem abertos com atores de refer\u00eancia (de cada empresa) e estagi\u00e1rios nas empresas participantes;<\/li>\n<li>Valida\u00e7\u00e3o das compet\u00eancias desenvolvidas, tanto pelas empresas de acolhimento como pelos estagi\u00e1rios atrav\u00e9s do sistema de valida\u00e7\u00e3o N\u00cdVEL5; .<\/li>\n<li>Desenvolver e promover um selo\/certificado europeu &#8220;Welcoming European Enterprise&#8221; relacionado com crit\u00e9rios de qualidade pr\u00e9-definidos.<\/li>\n<li>Lan\u00e7amento de um Pr\u00e9mio Europeu para iniciativas inovadoras que promovam a aprendizagem intercultural nas empresas europeias.<\/li>\n<\/ul>\n<div class=\"twoclick_social_bookmarks_post_475 social_share_privacy clearfix 1.6.4 locale-pt_PT sprite-en_GB\"><\/div><div class=\"twoclick-js\"><script type=\"text\/javascript\">\/* <![CDATA[ *\/\njQuery(document).ready(function($){if($('.twoclick_social_bookmarks_post_475')){$('.twoclick_social_bookmarks_post_475').socialSharePrivacy({\"services\":{\"facebook\":{\"status\":\"on\",\"txt_info\":\"2 clicks for more privacy: Only after clicking the button it is activated and you can submit your recommendationsto Facebook. Once the button is activated, data is submitted to third parties. See <em>i<\\\/em>.\",\"perma_option\":\"off\",\"action\":\"recommend\",\"language\":\"en_GB\"},\"twitter\":{\"reply_to\":\"\",\"tweet_text\":\"Atividades%20%C2%BB%20EILEEN%20Project\",\"status\":\"on\",\"txt_info\":\"2 clicks for more privacy: Only after clicking the button it is activated and you can submit your recommendations to Twitter. Once the button is activated, data is submitted to third parties. See <em>i<\\\/em>.\",\"perma_option\":\"off\",\"language\":\"en\",\"referrer_track\":\"\"},\"gplus\":{\"status\":\"on\",\"txt_info\":\"2 clicks for more privacy: Only after clicking the button it is activated and you can submit your recommendations to Google+. Once the button is activated, data is submitted to third parties. See <em>i<\\\/em>.\",\"perma_option\":\"off\",\"referrer_track\":\"\"}},\"txt_help\":\"When activating these fields by clicking, information is submitted to Facebook, Twitter, LinkedIn, Pinterest or Google possibly into foreign countries and maybe even stored there. Learn more by clicking the <em>i<\\\/em>.\",\"settings_perma\":\"Activate permanently and agree to data-transfer:\",\"info_link\":\"http:\\\/\\\/www.h-online.com\\\/features\\\/Two-clicks-for-more-privacy-1783256.html\",\"uri\":\"https:\\\/\\\/eileen-eu.org\\\/pt\\\/atividades\\\/\",\"post_id\":475,\"post_title_referrer_track\":\"Atividades\",\"display_infobox\":\"on\"});}});\n\/* ]]> *\/<\/script><\/div>","protected":false},"excerpt":{"rendered":"<p>As principais atividades do projeto EILEEN, a desenvolver entre setembro de 2014 e agosto de 2016, ser\u00e3o as seguintes: Explora\u00e7\u00e3o de abordagens existentes que visam melhorar e validar as compet\u00eancias interculturais nas empresas europeias; Levantamento das necessidades espec\u00edficas das empresas que acolhem colaboradores com caracteristicas culturais diferentes; Desenvolvimento do sistema de valida\u00e7\u00e3o EILEEN baseado no &hellip; <a href=\"https:\/\/eileen-eu.org\/pt\/atividades\/\" class=\"more-link\">Continuar a ler<span class=\"screen-reader-text\">Atividades<\/span> <span class=\"meta-nav\">&rarr;<\/span><\/a><\/p>\n","protected":false},"author":1,"featured_media":0,"parent":0,"menu_order":0,"comment_status":"closed","ping_status":"open","template":"","meta":{"_locale":"pt_PT","_original_post":"39","footnotes":""},"class_list":["post-475","page","type-page","status-publish","hentry","pt-PT"],"_links":{"self":[{"href":"https:\/\/eileen-eu.org\/wp-json\/wp\/v2\/pages\/475","targetHints":{"allow":["GET"]}}],"collection":[{"href":"https:\/\/eileen-eu.org\/wp-json\/wp\/v2\/pages"}],"about":[{"href":"https:\/\/eileen-eu.org\/wp-json\/wp\/v2\/types\/page"}],"author":[{"embeddable":true,"href":"https:\/\/eileen-eu.org\/wp-json\/wp\/v2\/users\/1"}],"replies":[{"embeddable":true,"href":"https:\/\/eileen-eu.org\/wp-json\/wp\/v2\/comments?post=475"}],"version-history":[{"count":3,"href":"https:\/\/eileen-eu.org\/wp-json\/wp\/v2\/pages\/475\/revisions"}],"predecessor-version":[{"id":929,"href":"https:\/\/eileen-eu.org\/wp-json\/wp\/v2\/pages\/475\/revisions\/929"}],"wp:attachment":[{"href":"https:\/\/eileen-eu.org\/wp-json\/wp\/v2\/media?parent=475"}],"curies":[{"name":"wp","href":"https:\/\/api.w.org\/{rel}","templated":true}]}}