{"id":480,"date":"2015-03-03T15:44:16","date_gmt":"2015-03-03T14:44:16","guid":{"rendered":"http:\/\/eileen-eu.org\/?page_id=480"},"modified":"2018-08-01T10:28:08","modified_gmt":"2018-08-01T09:28:08","slug":"validacao","status":"publish","type":"page","link":"https:\/\/eileen-eu.org\/pt\/validacao\/","title":{"rendered":"Valida\u00e7\u00e3o"},"content":{"rendered":"<p><a href=\"https:\/\/eileen-eu.org\/wp-content\/uploads\/2015\/01\/4_cubes.jpg\"><img loading=\"lazy\" decoding=\"async\" class=\" size-medium wp-image-139 aligncenter\" src=\"https:\/\/eileen-eu.org\/wp-content\/uploads\/2015\/01\/4_cubes-300x84.jpg\" alt=\"4_cubes\" width=\"300\" height=\"84\" srcset=\"https:\/\/eileen-eu.org\/wp-content\/uploads\/2015\/01\/4_cubes-300x84.jpg 300w, https:\/\/eileen-eu.org\/wp-content\/uploads\/2015\/01\/4_cubes.jpg 896w\" sizes=\"auto, (max-width: 300px) 100vw, 300px\" \/><\/a>O EILEEN baseia-se no sistema N\u00edVEL 5 que foi especificamente desenhado para avaliar a evolu\u00e7\u00e3o de compet\u00eancias pessoais, sociais e organizacionais em contextos de aprendizagem n\u00e3o-formais e informais. Baseia-se numa abordagem tridimensional para validar os resultados de aprendizagem ao n\u00edvel cognitivo, de relacionamento de atividade e afetivos &#8211; o cubo N\u00edvel 5. O NIVEL5 \u00e9 um processo de aprendizagem hol\u00edstico que beneficia o formando, os formadores\/professores, bem como as empresas de acolhimento.<\/p>\n<p><strong>Como e quando o NIVEL 5 ser\u00e1 utilizado?<\/strong><\/p>\n<p>Depois da realiza\u00e7\u00e3o da forma\u00e7\u00e3o de prepara\u00e7\u00e3o para os jovens, e do curso de forma\u00e7\u00e3o europeu para as empresas de acolhimento, os jovens participar\u00e3o num projeto de mobilidade europeia, sendo acolhidos pelas empresas participantes.<\/p>\n<p>As compet\u00eancias (interculturais, empresariais e de tutoria) adquiridas por ambos os grupos durante a forma\u00e7\u00e3o e a mobilidade ser\u00e3o validadas e documentadas atrav\u00e9s da inovadora metodologia NIVEL 5, (desenvolvida pela rede <a href=\"http:\/\/www.reveal-eu.org\/\" target=\"_blank\">REVEAL <\/a> que tem como objetivo promover, visualizar e validar a aprendizagem informal e n\u00e3o-formal.<\/p>\n<div class=\"twoclick_social_bookmarks_post_480 social_share_privacy clearfix 1.6.4 locale-pt_PT sprite-en_GB\"><\/div><div class=\"twoclick-js\"><script type=\"text\/javascript\">\/* <![CDATA[ *\/\njQuery(document).ready(function($){if($('.twoclick_social_bookmarks_post_480')){$('.twoclick_social_bookmarks_post_480').socialSharePrivacy({\"services\":{\"facebook\":{\"status\":\"on\",\"txt_info\":\"2 clicks for more privacy: Only after clicking the button it is activated and you can submit your recommendationsto Facebook. Once the button is activated, data is submitted to third parties. See <em>i<\\\/em>.\",\"perma_option\":\"off\",\"action\":\"recommend\",\"language\":\"en_GB\"},\"twitter\":{\"reply_to\":\"\",\"tweet_text\":\"Valida%C3%A7%C3%A3o%20%C2%BB%20EILEEN%20Project\",\"status\":\"on\",\"txt_info\":\"2 clicks for more privacy: Only after clicking the button it is activated and you can submit your recommendations to Twitter. Once the button is activated, data is submitted to third parties. See <em>i<\\\/em>.\",\"perma_option\":\"off\",\"language\":\"en\",\"referrer_track\":\"\"},\"gplus\":{\"status\":\"on\",\"txt_info\":\"2 clicks for more privacy: Only after clicking the button it is activated and you can submit your recommendations to Google+. Once the button is activated, data is submitted to third parties. See <em>i<\\\/em>.\",\"perma_option\":\"off\",\"referrer_track\":\"\"}},\"txt_help\":\"When activating these fields by clicking, information is submitted to Facebook, Twitter, LinkedIn, Pinterest or Google possibly into foreign countries and maybe even stored there. Learn more by clicking the <em>i<\\\/em>.\",\"settings_perma\":\"Activate permanently and agree to data-transfer:\",\"info_link\":\"http:\\\/\\\/www.h-online.com\\\/features\\\/Two-clicks-for-more-privacy-1783256.html\",\"uri\":\"https:\\\/\\\/eileen-eu.org\\\/pt\\\/validacao\\\/\",\"post_id\":480,\"post_title_referrer_track\":\"Valida%C3%A7%C3%A3o\",\"display_infobox\":\"on\"});}});\n\/* ]]> *\/<\/script><\/div>","protected":false},"excerpt":{"rendered":"<p>O EILEEN baseia-se no sistema N\u00edVEL 5 que foi especificamente desenhado para avaliar a evolu\u00e7\u00e3o de compet\u00eancias pessoais, sociais e organizacionais em contextos de aprendizagem n\u00e3o-formais e informais. Baseia-se numa abordagem tridimensional para validar os resultados de aprendizagem ao n\u00edvel cognitivo, de relacionamento de atividade e afetivos &#8211; o cubo N\u00edvel 5. O NIVEL5 \u00e9 &hellip; <a href=\"https:\/\/eileen-eu.org\/pt\/validacao\/\" class=\"more-link\">Continuar a ler<span class=\"screen-reader-text\">Valida\u00e7\u00e3o<\/span> <span class=\"meta-nav\">&rarr;<\/span><\/a><\/p>\n","protected":false},"author":1,"featured_media":0,"parent":0,"menu_order":0,"comment_status":"closed","ping_status":"open","template":"","meta":{"_locale":"pt_PT","_original_post":"138","footnotes":""},"class_list":["post-480","page","type-page","status-publish","hentry","pt-PT"],"_links":{"self":[{"href":"https:\/\/eileen-eu.org\/wp-json\/wp\/v2\/pages\/480","targetHints":{"allow":["GET"]}}],"collection":[{"href":"https:\/\/eileen-eu.org\/wp-json\/wp\/v2\/pages"}],"about":[{"href":"https:\/\/eileen-eu.org\/wp-json\/wp\/v2\/types\/page"}],"author":[{"embeddable":true,"href":"https:\/\/eileen-eu.org\/wp-json\/wp\/v2\/users\/1"}],"replies":[{"embeddable":true,"href":"https:\/\/eileen-eu.org\/wp-json\/wp\/v2\/comments?post=480"}],"version-history":[{"count":2,"href":"https:\/\/eileen-eu.org\/wp-json\/wp\/v2\/pages\/480\/revisions"}],"predecessor-version":[{"id":949,"href":"https:\/\/eileen-eu.org\/wp-json\/wp\/v2\/pages\/480\/revisions\/949"}],"wp:attachment":[{"href":"https:\/\/eileen-eu.org\/wp-json\/wp\/v2\/media?parent=480"}],"curies":[{"name":"wp","href":"https:\/\/api.w.org\/{rel}","templated":true}]}}