{"id":853,"date":"2016-06-20T12:43:38","date_gmt":"2016-06-20T11:43:38","guid":{"rendered":"http:\/\/eileen-eu.org\/?page_id=853"},"modified":"2016-12-20T12:43:45","modified_gmt":"2016-12-20T11:43:45","slug":"e-learning","status":"publish","type":"page","link":"https:\/\/eileen-eu.org\/pt\/e-learning\/","title":{"rendered":"TOOLBOX"},"content":{"rendered":"<p>O EILEEN criou um grande reposit\u00f3rio de materiais para apoiar a aprendizagem intercultural e a sua valida\u00e7\u00e3o nas empresas europeias \u2013 a <strong>EILEEN TOOLBOX<\/strong>.<\/p>\n<p>O <strong>TOOLBOX<\/strong> consiste de:<\/p>\n<ul>\n<li><strong>Plataforma online<\/strong> com cursos para refor\u00e7ar e validar de compet\u00eancias interculturais e de tutoria tanto para empresas como para estagi\u00e1rios.<br \/>\nClique <a href=\"http:\/\/learning.vita-eu.org\/\"><strong>aqui<\/strong><\/a> para se inscrever na plataforma online EILEEN.<\/li>\n<\/ul>\n<p><a href=\"http:\/\/eileen-eu.org\/wp-content\/uploads\/2016\/04\/Platform.png\"><img loading=\"lazy\" decoding=\"async\" class=\"size-medium wp-image-829 aligncenter\" src=\"http:\/\/eileen-eu.org\/wp-content\/uploads\/2016\/04\/Platform-300x173.png\" alt=\"\" width=\"300\" height=\"173\" srcset=\"https:\/\/eileen-eu.org\/wp-content\/uploads\/2016\/04\/Platform-300x173.png 300w, https:\/\/eileen-eu.org\/wp-content\/uploads\/2016\/04\/Platform-768x442.png 768w, https:\/\/eileen-eu.org\/wp-content\/uploads\/2016\/04\/Platform-1024x589.png 1024w, https:\/\/eileen-eu.org\/wp-content\/uploads\/2016\/04\/Platform.png 1072w\" sizes=\"auto, (max-width: 300px) 100vw, 300px\" \/><\/a><\/p>\n<ul>\n<li><strong>Recomenda\u00e7\u00f5es para a aplica\u00e7\u00e3o da abordagem<\/strong> sobre como implementar e validar a aprendizagem intercultural nas empresas.<br \/>\nFa\u00e7a o download do documento clicando <a href=\"http:\/\/eileen-eu.org\/wp-content\/uploads\/2016\/12\/Acting_Recommendations_PT.pdf\"><strong>neste link<\/strong><\/a>.<\/li>\n<\/ul>\n<ul>\n<li><strong>Exemplos de boas pr\u00e1ticas<\/strong>: alguns pequenos v\u00eddeos mostrando como foi aplicada e testada em todos os pa\u00edses parceiros.<\/li>\n<\/ul>\n<p><iframe loading=\"lazy\" title=\"EILEEN in Bulgaria\" width=\"474\" height=\"267\" src=\"https:\/\/www.youtube.com\/embed\/QwrqKutbJPs?feature=oembed\" frameborder=\"0\" allow=\"accelerometer; autoplay; clipboard-write; encrypted-media; gyroscope; picture-in-picture; web-share\" referrerpolicy=\"strict-origin-when-cross-origin\" allowfullscreen><\/iframe><\/p>\n<p><iframe loading=\"lazy\" title=\"EILEEN Learners in France\" width=\"474\" height=\"267\" src=\"https:\/\/www.youtube.com\/embed\/3Me6Is6VJHg?feature=oembed\" frameborder=\"0\" allow=\"accelerometer; autoplay; clipboard-write; encrypted-media; gyroscope; picture-in-picture; web-share\" referrerpolicy=\"strict-origin-when-cross-origin\" allowfullscreen><\/iframe><\/p>\n<p><iframe loading=\"lazy\" title=\"EILLEN enterprise and training in Greece\" width=\"474\" height=\"267\" src=\"https:\/\/www.youtube.com\/embed\/1QKJRl51HHg?feature=oembed\" frameborder=\"0\" allow=\"accelerometer; autoplay; clipboard-write; encrypted-media; gyroscope; picture-in-picture; web-share\" referrerpolicy=\"strict-origin-when-cross-origin\" allowfullscreen><\/iframe><\/p>\n<p><iframe loading=\"lazy\" title=\"EILEEN and WEE label in Greece\" width=\"474\" height=\"267\" src=\"https:\/\/www.youtube.com\/embed\/wZCTEpvjX5M?feature=oembed\" frameborder=\"0\" allow=\"accelerometer; autoplay; clipboard-write; encrypted-media; gyroscope; picture-in-picture; web-share\" referrerpolicy=\"strict-origin-when-cross-origin\" allowfullscreen><\/iframe><\/p>\n<p><iframe loading=\"lazy\" title=\"EILEEN Learner in Greece\" width=\"474\" height=\"356\" src=\"https:\/\/www.youtube.com\/embed\/amBUd6C1TU4?feature=oembed\" frameborder=\"0\" allow=\"accelerometer; autoplay; clipboard-write; encrypted-media; gyroscope; picture-in-picture; web-share\" referrerpolicy=\"strict-origin-when-cross-origin\" allowfullscreen><\/iframe><\/p>\n<ul>\n<li><strong>O selo WEE &#8211; Um selo europeu de qualidade para as empresas europeias<br \/>\n<\/strong><\/li>\n<\/ul>\n<p><a href=\"http:\/\/eileen-eu.org\/wp-content\/uploads\/2016\/06\/weelcome_blau_FINAL.png\"><img loading=\"lazy\" decoding=\"async\" class=\"wp-image-676 aligncenter\" src=\"http:\/\/eileen-eu.org\/wp-content\/uploads\/2016\/06\/weelcome_blau_FINAL-300x103.png\" alt=\"\" width=\"331\" height=\"114\" srcset=\"https:\/\/eileen-eu.org\/wp-content\/uploads\/2016\/06\/weelcome_blau_FINAL-300x103.png 300w, https:\/\/eileen-eu.org\/wp-content\/uploads\/2016\/06\/weelcome_blau_FINAL-768x264.png 768w, https:\/\/eileen-eu.org\/wp-content\/uploads\/2016\/06\/weelcome_blau_FINAL-1024x353.png 1024w\" sizes=\"auto, (max-width: 331px) 100vw, 331px\" \/><\/a><\/p>\n<p><a href=\"http:\/\/eileen-eu.org\/wee-label\/\"><strong>Como se inscrever?<\/strong><\/a><\/p>\n<p>Fa\u00e7a o download do <a href=\"http:\/\/eileen-eu.org\/wp-content\/uploads\/2016\/06\/WEE_LABEL.pdf\"><strong>WEE LABEL <\/strong><strong>num instante<\/strong><\/a> eo <a href=\"http:\/\/eileen-eu.org\/wp-content\/uploads\/2014\/12\/WEE-Flyer.pdf\"><strong>folheto de etiqueta WEE.<\/strong><\/a><\/p>\n<div class=\"twoclick_social_bookmarks_post_853 social_share_privacy clearfix 1.6.4 locale-pt_PT sprite-en_GB\"><\/div><div class=\"twoclick-js\"><script type=\"text\/javascript\">\/* <![CDATA[ *\/\njQuery(document).ready(function($){if($('.twoclick_social_bookmarks_post_853')){$('.twoclick_social_bookmarks_post_853').socialSharePrivacy({\"services\":{\"facebook\":{\"status\":\"on\",\"txt_info\":\"2 clicks for more privacy: Only after clicking the button it is activated and you can submit your recommendationsto Facebook. Once the button is activated, data is submitted to third parties. See <em>i<\\\/em>.\",\"perma_option\":\"off\",\"action\":\"recommend\",\"language\":\"en_GB\"},\"twitter\":{\"reply_to\":\"\",\"tweet_text\":\"TOOLBOX%20%C2%BB%20EILEEN%20Project\",\"status\":\"on\",\"txt_info\":\"2 clicks for more privacy: Only after clicking the button it is activated and you can submit your recommendations to Twitter. Once the button is activated, data is submitted to third parties. See <em>i<\\\/em>.\",\"perma_option\":\"off\",\"language\":\"en\",\"referrer_track\":\"\"},\"gplus\":{\"status\":\"on\",\"txt_info\":\"2 clicks for more privacy: Only after clicking the button it is activated and you can submit your recommendations to Google+. Once the button is activated, data is submitted to third parties. See <em>i<\\\/em>.\",\"perma_option\":\"off\",\"referrer_track\":\"\"}},\"txt_help\":\"When activating these fields by clicking, information is submitted to Facebook, Twitter, LinkedIn, Pinterest or Google possibly into foreign countries and maybe even stored there. Learn more by clicking the <em>i<\\\/em>.\",\"settings_perma\":\"Activate permanently and agree to data-transfer:\",\"info_link\":\"http:\\\/\\\/www.h-online.com\\\/features\\\/Two-clicks-for-more-privacy-1783256.html\",\"uri\":\"https:\\\/\\\/eileen-eu.org\\\/pt\\\/e-learning\\\/\",\"post_id\":853,\"post_title_referrer_track\":\"TOOLBOX\",\"display_infobox\":\"on\"});}});\n\/* ]]> *\/<\/script><\/div>","protected":false},"excerpt":{"rendered":"<p>O EILEEN criou um grande reposit\u00f3rio de materiais para apoiar a aprendizagem intercultural e a sua valida\u00e7\u00e3o nas empresas europeias \u2013 a EILEEN TOOLBOX. O TOOLBOX consiste de: Plataforma online com cursos para refor\u00e7ar e validar de compet\u00eancias interculturais e de tutoria tanto para empresas como para estagi\u00e1rios. Clique aqui para se inscrever na plataforma &hellip; <a href=\"https:\/\/eileen-eu.org\/pt\/e-learning\/\" class=\"more-link\">Continuar a ler<span class=\"screen-reader-text\">TOOLBOX<\/span> <span class=\"meta-nav\">&rarr;<\/span><\/a><\/p>\n","protected":false},"author":6,"featured_media":0,"parent":0,"menu_order":0,"comment_status":"closed","ping_status":"closed","template":"","meta":{"_locale":"pt_PT","_original_post":"652","footnotes":""},"class_list":["post-853","page","type-page","status-publish","hentry","pt-PT"],"_links":{"self":[{"href":"https:\/\/eileen-eu.org\/wp-json\/wp\/v2\/pages\/853","targetHints":{"allow":["GET"]}}],"collection":[{"href":"https:\/\/eileen-eu.org\/wp-json\/wp\/v2\/pages"}],"about":[{"href":"https:\/\/eileen-eu.org\/wp-json\/wp\/v2\/types\/page"}],"author":[{"embeddable":true,"href":"https:\/\/eileen-eu.org\/wp-json\/wp\/v2\/users\/6"}],"replies":[{"embeddable":true,"href":"https:\/\/eileen-eu.org\/wp-json\/wp\/v2\/comments?post=853"}],"version-history":[{"count":1,"href":"https:\/\/eileen-eu.org\/wp-json\/wp\/v2\/pages\/853\/revisions"}],"predecessor-version":[{"id":855,"href":"https:\/\/eileen-eu.org\/wp-json\/wp\/v2\/pages\/853\/revisions\/855"}],"wp:attachment":[{"href":"https:\/\/eileen-eu.org\/wp-json\/wp\/v2\/media?parent=853"}],"curies":[{"name":"wp","href":"https:\/\/api.w.org\/{rel}","templated":true}]}}